
{"id":858,"date":"2024-11-12T23:47:09","date_gmt":"2024-11-12T23:47:09","guid":{"rendered":"https:\/\/theoscarproject.ca\/chariot\/"},"modified":"2024-11-13T21:35:14","modified_gmt":"2024-11-13T21:35:14","slug":"chariot","status":"publish","type":"page","link":"https:\/\/theoscarproject.ca\/fr\/chariot\/","title":{"rendered":"Chariot"},"content":{"rendered":"\n<div data-block-name=\"woocommerce\/cart\" class=\"wp-block-woocommerce-cart alignwide is-loading\">\n<div data-block-name=\"woocommerce\/filled-cart-block\" class=\"wp-block-woocommerce-filled-cart-block\">\n<div data-block-name=\"woocommerce\/cart-items-block\" class=\"wp-block-woocommerce-cart-items-block\">\n<div data-block-name=\"woocommerce\/cart-line-items-block\" class=\"wp-block-woocommerce-cart-line-items-block\"><\/div>\n\n\n\n<div data-block-name=\"woocommerce\/cart-cross-sells-block\" class=\"wp-block-woocommerce-cart-cross-sells-block\">\n<h2 class=\"wp-block-heading has-large-font-size\">Vous pourriez \u00eatre int\u00e9ress\u00e9 par&#8230;<\/h2>\n\n\n\n<div data-block-name=\"woocommerce\/cart-cross-sells-products-block\" class=\"wp-block-woocommerce-cart-cross-sells-products-block\"><\/div>\n<\/div>\n<\/div>\n\n\n\n<div data-block-name=\"woocommerce\/cart-totals-block\" class=\"wp-block-woocommerce-cart-totals-block\">\n<div data-block-name=\"woocommerce\/cart-order-summary-block\" class=\"wp-block-woocommerce-cart-order-summary-block\">\n<div data-block-name=\"woocommerce\/cart-order-summary-heading-block\" class=\"wp-block-woocommerce-cart-order-summary-heading-block\"><\/div><div data-block-name=\"woocommerce\/cart-order-summary-coupon-form-block\" class=\"wp-block-woocommerce-cart-order-summary-coupon-form-block\"><\/div><div data-block-name=\"woocommerce\/cart-order-summary-totals-block\" class=\"wp-block-woocommerce-cart-order-summary-totals-block\">\n<div data-block-name=\"woocommerce\/cart-order-summary-subtotal-block\" class=\"wp-block-woocommerce-cart-order-summary-subtotal-block\"><\/div>\n<div data-block-name=\"woocommerce\/cart-order-summary-discount-block\" class=\"wp-block-woocommerce-cart-order-summary-discount-block\"><\/div>\n<div data-block-name=\"woocommerce\/cart-order-summary-fee-block\" class=\"wp-block-woocommerce-cart-order-summary-fee-block\"><\/div>\n<div data-block-name=\"woocommerce\/cart-order-summary-shipping-block\" class=\"wp-block-woocommerce-cart-order-summary-shipping-block\"><\/div>\n<div data-block-name=\"woocommerce\/cart-order-summary-taxes-block\" class=\"wp-block-woocommerce-cart-order-summary-taxes-block\"><\/div><\/div>\n<\/div>\n\n\n\n<div data-block-name=\"woocommerce\/cart-express-payment-block\" class=\"wp-block-woocommerce-cart-express-payment-block\"><\/div>\n\n\n\n<div data-block-name=\"woocommerce\/proceed-to-checkout-block\" class=\"wp-block-woocommerce-proceed-to-checkout-block\"><\/div>\n\n\n\n<div data-block-name=\"woocommerce\/cart-accepted-payment-methods-block\" class=\"wp-block-woocommerce-cart-accepted-payment-methods-block\"><\/div>\n<\/div>\n<\/div>\n\n\n\n<div data-block-name=\"woocommerce\/empty-cart-block\" class=\"wp-block-woocommerce-empty-cart-block\">\n<h2 class=\"wp-block-heading has-text-align-center with-empty-cart-icon wc-block-cart__empty-cart__title\">Votre panier est actuellement vide !<\/h2>\n\n\n\n<hr class=\"wp-block-separator has-alpha-channel-opacity is-style-dots\"\/>\n\n\n\n<h2 class=\"wp-block-heading has-text-align-center\">Nouveau en magasin<\/h2>\n\n\n<div data-block-name=\"woocommerce\/product-new\" data-columns=\"4\" data-rows=\"1\" class=\"wc-block-grid wp-block-product-new wp-block-woocommerce-product-new wc-block-product-new has-4-columns\"><ul class=\"wc-block-grid__products\"><li class=\"wc-block-grid__product\">\n\t\t\t\t<a href=\"https:\/\/theoscarproject.ca\/fr\/product\/hard-drives\/\" class=\"wc-block-grid__product-link\">\n\t\t\t\t\t\n\t\t\t\t\t<div class=\"wc-block-grid__product-image\"><img loading=\"lazy\" decoding=\"async\" width=\"300\" height=\"300\" src=\"https:\/\/theoscarproject.ca\/wp-content\/uploads\/2025\/03\/harddrive-on-background-1-300x300.png\" class=\"attachment-woocommerce_thumbnail size-woocommerce_thumbnail\" alt=\"Disque\" srcset=\"https:\/\/theoscarproject.ca\/wp-content\/uploads\/2025\/03\/harddrive-on-background-1-300x300.png 300w, https:\/\/theoscarproject.ca\/wp-content\/uploads\/2025\/03\/harddrive-on-background-1-150x150.png 150w, https:\/\/theoscarproject.ca\/wp-content\/uploads\/2025\/03\/harddrive-on-background-1-100x100.png 100w\" sizes=\"auto, (max-width: 300px) 100vw, 300px\" \/><\/div>\n\t\t\t\t\t<div class=\"wc-block-grid__product-title\">Disque<\/div>\n\t\t\t\t<\/a>\n\t\t\t\t<div class=\"wc-block-grid__product-price price\"><span class=\"woocommerce-Price-amount amount\"><span class=\"woocommerce-Price-currencySymbol\">&#036;<\/span>5.99<\/span><\/div>\n\t\t\t\t\n\t\t\t\t<div class=\"wp-block-button wc-block-grid__product-add-to-cart\"><a href=\"\/fr\/wp-json\/wp\/v2\/pages\/858?add-to-cart=3404\" aria-label=\"Ajouter au panier\u00a0: &ldquo;Disque&rdquo;\" data-quantity=\"1\" data-product_id=\"3404\" data-product_sku=\"HDD\" data-price=\"5.99\" rel=\"nofollow\" class=\"wp-block-button__link wp-element-button add_to_cart_button ajax_add_to_cart\">Ajouter au panier<\/a><\/div>\n\t\t\t<\/li><li class=\"wc-block-grid__product\">\n\t\t\t\t<a href=\"https:\/\/theoscarproject.ca\/fr\/product\/mail-in-kit\/\" class=\"wc-block-grid__product-link\">\n\t\t\t\t\t\n\t\t\t\t\t<div class=\"wc-block-grid__product-image\"><img loading=\"lazy\" decoding=\"async\" width=\"300\" height=\"300\" src=\"https:\/\/theoscarproject.ca\/wp-content\/uploads\/2024\/12\/pricing-hero-300x300.jpg\" class=\"attachment-woocommerce_thumbnail size-woocommerce_thumbnail\" alt=\"Trousse de retour\" srcset=\"https:\/\/theoscarproject.ca\/wp-content\/uploads\/2024\/12\/pricing-hero-300x300.jpg 300w, https:\/\/theoscarproject.ca\/wp-content\/uploads\/2024\/12\/pricing-hero-150x150.jpg 150w, https:\/\/theoscarproject.ca\/wp-content\/uploads\/2024\/12\/pricing-hero-400x400.jpg 400w, https:\/\/theoscarproject.ca\/wp-content\/uploads\/2024\/12\/pricing-hero-600x600.jpg 600w, https:\/\/theoscarproject.ca\/wp-content\/uploads\/2024\/12\/pricing-hero-100x100.jpg 100w\" sizes=\"auto, (max-width: 300px) 100vw, 300px\" \/><\/div>\n\t\t\t\t\t<div class=\"wc-block-grid__product-title\">Trousse de retour<\/div>\n\t\t\t\t<\/a>\n\t\t\t\t<div class=\"wc-block-grid__product-price price\"><span class=\"woocommerce-Price-amount amount\"><span class=\"woocommerce-Price-currencySymbol\">&#036;<\/span>19.99<\/span><\/div>\n\t\t\t\t\n\t\t\t\t<div class=\"wp-block-button wc-block-grid__product-add-to-cart\"><a href=\"\/fr\/wp-json\/wp\/v2\/pages\/858?add-to-cart=1069\" aria-label=\"Ajouter au panier\u00a0: &ldquo;Trousse de retour&rdquo;\" data-quantity=\"1\" data-product_id=\"1069\" data-product_sku=\"KIT\" data-price=\"19.99\" rel=\"nofollow\" class=\"wp-block-button__link wp-element-button add_to_cart_button ajax_add_to_cart\">Ajouter au panier<\/a><\/div>\n\t\t\t<\/li><li class=\"wc-block-grid__product\">\n\t\t\t\t<a href=\"https:\/\/theoscarproject.ca\/fr\/product\/tablet-recycling\/\" class=\"wc-block-grid__product-link\">\n\t\t\t\t\t\n\t\t\t\t\t<div class=\"wc-block-grid__product-image\"><img loading=\"lazy\" decoding=\"async\" width=\"300\" height=\"300\" src=\"https:\/\/theoscarproject.ca\/wp-content\/uploads\/2024\/11\/tablet-on-background-1-300x300.png\" class=\"attachment-woocommerce_thumbnail size-woocommerce_thumbnail\" alt=\"Tablette\" srcset=\"https:\/\/theoscarproject.ca\/wp-content\/uploads\/2024\/11\/tablet-on-background-1-300x300.png 300w, https:\/\/theoscarproject.ca\/wp-content\/uploads\/2024\/11\/tablet-on-background-1-150x150.png 150w, https:\/\/theoscarproject.ca\/wp-content\/uploads\/2024\/11\/tablet-on-background-1-400x400.png 400w, https:\/\/theoscarproject.ca\/wp-content\/uploads\/2024\/11\/tablet-on-background-1-600x600.png 600w, https:\/\/theoscarproject.ca\/wp-content\/uploads\/2024\/11\/tablet-on-background-1-100x100.png 100w\" sizes=\"auto, (max-width: 300px) 100vw, 300px\" \/><\/div>\n\t\t\t\t\t<div class=\"wc-block-grid__product-title\">Tablette<\/div>\n\t\t\t\t<\/a>\n\t\t\t\t<div class=\"wc-block-grid__product-price price\"><span class=\"woocommerce-Price-amount amount\"><span class=\"woocommerce-Price-currencySymbol\">&#036;<\/span>5.99<\/span><\/div>\n\t\t\t\t\n\t\t\t\t<div class=\"wp-block-button wc-block-grid__product-add-to-cart\"><a href=\"\/fr\/wp-json\/wp\/v2\/pages\/858?add-to-cart=329\" aria-label=\"Ajouter au panier\u00a0: &ldquo;Tablette&rdquo;\" data-quantity=\"1\" data-product_id=\"329\" data-product_sku=\"TAB\" data-price=\"5.99\" rel=\"nofollow\" class=\"wp-block-button__link wp-element-button add_to_cart_button ajax_add_to_cart\">Ajouter au panier<\/a><\/div>\n\t\t\t<\/li><li class=\"wc-block-grid__product\">\n\t\t\t\t<a href=\"https:\/\/theoscarproject.ca\/fr\/product\/laptop-recycling\/\" class=\"wc-block-grid__product-link\">\n\t\t\t\t\t\n\t\t\t\t\t<div class=\"wc-block-grid__product-image\"><img loading=\"lazy\" decoding=\"async\" width=\"300\" height=\"300\" src=\"https:\/\/theoscarproject.ca\/wp-content\/uploads\/2024\/11\/laptop-on-background-1-300x300.png\" class=\"attachment-woocommerce_thumbnail size-woocommerce_thumbnail\" alt=\"Ordinateur portable\" srcset=\"https:\/\/theoscarproject.ca\/wp-content\/uploads\/2024\/11\/laptop-on-background-1-300x300.png 300w, https:\/\/theoscarproject.ca\/wp-content\/uploads\/2024\/11\/laptop-on-background-1-150x150.png 150w, https:\/\/theoscarproject.ca\/wp-content\/uploads\/2024\/11\/laptop-on-background-1-400x400.png 400w, https:\/\/theoscarproject.ca\/wp-content\/uploads\/2024\/11\/laptop-on-background-1-600x600.png 600w, https:\/\/theoscarproject.ca\/wp-content\/uploads\/2024\/11\/laptop-on-background-1-100x100.png 100w\" sizes=\"auto, (max-width: 300px) 100vw, 300px\" \/><\/div>\n\t\t\t\t\t<div class=\"wc-block-grid__product-title\">Ordinateur portable<\/div>\n\t\t\t\t<\/a>\n\t\t\t\t<div class=\"wc-block-grid__product-price price\"><span class=\"woocommerce-Price-amount amount\"><span class=\"woocommerce-Price-currencySymbol\">&#036;<\/span>5.99<\/span><\/div>\n\t\t\t\t\n\t\t\t\t<div class=\"wp-block-button wc-block-grid__product-add-to-cart\"><a href=\"\/fr\/wp-json\/wp\/v2\/pages\/858?add-to-cart=328\" aria-label=\"Ajouter au panier\u00a0: &ldquo;Ordinateur portable&rdquo;\" data-quantity=\"1\" data-product_id=\"328\" data-product_sku=\"LAP\" data-price=\"5.99\" rel=\"nofollow\" class=\"wp-block-button__link wp-element-button add_to_cart_button ajax_add_to_cart\">Ajouter au panier<\/a><\/div>\n\t\t\t<\/li><\/ul><\/div><\/div>\n<\/div>\n","protected":false},"excerpt":{"rendered":"","protected":false},"author":1,"featured_media":0,"parent":0,"menu_order":0,"comment_status":"closed","ping_status":"closed","template":"","meta":{"_acf_changed":false,"footnotes":""},"class_list":["post-858","page","type-page","status-publish","hentry"],"acf":[],"yoast_head":"<!-- This site is optimized with the Yoast SEO plugin v26.9 - https:\/\/yoast.com\/product\/yoast-seo-wordpress\/ -->\n<title>Chariot - The Oscar Project<\/title>\n<meta name=\"robots\" content=\"index, follow, max-snippet:-1, max-image-preview:large, max-video-preview:-1\" \/>\n<link rel=\"canonical\" href=\"https:\/\/theoscarproject.ca\/fr\/chariot\/\" \/>\n<meta property=\"og:locale\" content=\"fr_FR\" \/>\n<meta property=\"og:type\" content=\"article\" \/>\n<meta property=\"og:title\" content=\"Chariot - The Oscar Project\" \/>\n<meta property=\"og:url\" content=\"https:\/\/theoscarproject.ca\/fr\/chariot\/\" \/>\n<meta property=\"og:site_name\" content=\"The Oscar Project\" \/>\n<meta property=\"article:modified_time\" content=\"2024-11-13T21:35:14+00:00\" \/>\n<meta name=\"twitter:card\" content=\"summary_large_image\" \/>\n<script type=\"application\/ld+json\" class=\"yoast-schema-graph\">{\"@context\":\"https:\/\/schema.org\",\"@graph\":[{\"@type\":\"WebPage\",\"@id\":\"https:\/\/theoscarproject.ca\/fr\/chariot\/\",\"url\":\"https:\/\/theoscarproject.ca\/fr\/chariot\/\",\"name\":\"Chariot - The Oscar Project\",\"isPartOf\":{\"@id\":\"https:\/\/theoscarproject.ca\/fr\/#website\"},\"datePublished\":\"2024-11-12T23:47:09+00:00\",\"dateModified\":\"2024-11-13T21:35:14+00:00\",\"breadcrumb\":{\"@id\":\"https:\/\/theoscarproject.ca\/fr\/chariot\/#breadcrumb\"},\"inLanguage\":\"fr-FR\",\"potentialAction\":[{\"@type\":\"ReadAction\",\"target\":[\"https:\/\/theoscarproject.ca\/fr\/chariot\/\"]}]},{\"@type\":\"BreadcrumbList\",\"@id\":\"https:\/\/theoscarproject.ca\/fr\/chariot\/#breadcrumb\",\"itemListElement\":[{\"@type\":\"ListItem\",\"position\":1,\"name\":\"Page d\u2019accueil\",\"item\":\"https:\/\/theoscarproject.ca\/fr\/\"},{\"@type\":\"ListItem\",\"position\":2,\"name\":\"Chariot\"}]},{\"@type\":\"WebSite\",\"@id\":\"https:\/\/theoscarproject.ca\/fr\/#website\",\"url\":\"https:\/\/theoscarproject.ca\/fr\/\",\"name\":\"The Oscar Project\",\"description\":\"\",\"publisher\":{\"@id\":\"https:\/\/theoscarproject.ca\/fr\/#organization\"},\"potentialAction\":[{\"@type\":\"SearchAction\",\"target\":{\"@type\":\"EntryPoint\",\"urlTemplate\":\"https:\/\/theoscarproject.ca\/fr\/?s={search_term_string}\"},\"query-input\":{\"@type\":\"PropertyValueSpecification\",\"valueRequired\":true,\"valueName\":\"search_term_string\"}}],\"inLanguage\":\"fr-FR\"},{\"@type\":\"Organization\",\"@id\":\"https:\/\/theoscarproject.ca\/fr\/#organization\",\"name\":\"The Oscar Project\",\"url\":\"https:\/\/theoscarproject.ca\/fr\/\",\"logo\":{\"@type\":\"ImageObject\",\"inLanguage\":\"fr-FR\",\"@id\":\"https:\/\/theoscarproject.ca\/fr\/#\/schema\/logo\/image\/\",\"url\":\"https:\/\/theoscarproject.ca\/wp-content\/uploads\/2024\/11\/oscar-logo-black_web.png\",\"contentUrl\":\"https:\/\/theoscarproject.ca\/wp-content\/uploads\/2024\/11\/oscar-logo-black_web.png\",\"width\":978,\"height\":568,\"caption\":\"The Oscar Project\"},\"image\":{\"@id\":\"https:\/\/theoscarproject.ca\/fr\/#\/schema\/logo\/image\/\"}}]}<\/script>\n<!-- \/ Yoast SEO plugin. -->","yoast_head_json":{"title":"Chariot - The Oscar Project","robots":{"index":"index","follow":"follow","max-snippet":"max-snippet:-1","max-image-preview":"max-image-preview:large","max-video-preview":"max-video-preview:-1"},"canonical":"https:\/\/theoscarproject.ca\/fr\/chariot\/","og_locale":"fr_FR","og_type":"article","og_title":"Chariot - The Oscar Project","og_url":"https:\/\/theoscarproject.ca\/fr\/chariot\/","og_site_name":"The Oscar Project","article_modified_time":"2024-11-13T21:35:14+00:00","twitter_card":"summary_large_image","schema":{"@context":"https:\/\/schema.org","@graph":[{"@type":"WebPage","@id":"https:\/\/theoscarproject.ca\/fr\/chariot\/","url":"https:\/\/theoscarproject.ca\/fr\/chariot\/","name":"Chariot - The Oscar Project","isPartOf":{"@id":"https:\/\/theoscarproject.ca\/fr\/#website"},"datePublished":"2024-11-12T23:47:09+00:00","dateModified":"2024-11-13T21:35:14+00:00","breadcrumb":{"@id":"https:\/\/theoscarproject.ca\/fr\/chariot\/#breadcrumb"},"inLanguage":"fr-FR","potentialAction":[{"@type":"ReadAction","target":["https:\/\/theoscarproject.ca\/fr\/chariot\/"]}]},{"@type":"BreadcrumbList","@id":"https:\/\/theoscarproject.ca\/fr\/chariot\/#breadcrumb","itemListElement":[{"@type":"ListItem","position":1,"name":"Page d\u2019accueil","item":"https:\/\/theoscarproject.ca\/fr\/"},{"@type":"ListItem","position":2,"name":"Chariot"}]},{"@type":"WebSite","@id":"https:\/\/theoscarproject.ca\/fr\/#website","url":"https:\/\/theoscarproject.ca\/fr\/","name":"The Oscar Project","description":"","publisher":{"@id":"https:\/\/theoscarproject.ca\/fr\/#organization"},"potentialAction":[{"@type":"SearchAction","target":{"@type":"EntryPoint","urlTemplate":"https:\/\/theoscarproject.ca\/fr\/?s={search_term_string}"},"query-input":{"@type":"PropertyValueSpecification","valueRequired":true,"valueName":"search_term_string"}}],"inLanguage":"fr-FR"},{"@type":"Organization","@id":"https:\/\/theoscarproject.ca\/fr\/#organization","name":"The Oscar Project","url":"https:\/\/theoscarproject.ca\/fr\/","logo":{"@type":"ImageObject","inLanguage":"fr-FR","@id":"https:\/\/theoscarproject.ca\/fr\/#\/schema\/logo\/image\/","url":"https:\/\/theoscarproject.ca\/wp-content\/uploads\/2024\/11\/oscar-logo-black_web.png","contentUrl":"https:\/\/theoscarproject.ca\/wp-content\/uploads\/2024\/11\/oscar-logo-black_web.png","width":978,"height":568,"caption":"The Oscar Project"},"image":{"@id":"https:\/\/theoscarproject.ca\/fr\/#\/schema\/logo\/image\/"}}]}},"_links":{"self":[{"href":"https:\/\/theoscarproject.ca\/fr\/wp-json\/wp\/v2\/pages\/858","targetHints":{"allow":["GET"]}}],"collection":[{"href":"https:\/\/theoscarproject.ca\/fr\/wp-json\/wp\/v2\/pages"}],"about":[{"href":"https:\/\/theoscarproject.ca\/fr\/wp-json\/wp\/v2\/types\/page"}],"author":[{"embeddable":true,"href":"https:\/\/theoscarproject.ca\/fr\/wp-json\/wp\/v2\/users\/1"}],"replies":[{"embeddable":true,"href":"https:\/\/theoscarproject.ca\/fr\/wp-json\/wp\/v2\/comments?post=858"}],"version-history":[{"count":1,"href":"https:\/\/theoscarproject.ca\/fr\/wp-json\/wp\/v2\/pages\/858\/revisions"}],"predecessor-version":[{"id":859,"href":"https:\/\/theoscarproject.ca\/fr\/wp-json\/wp\/v2\/pages\/858\/revisions\/859"}],"wp:attachment":[{"href":"https:\/\/theoscarproject.ca\/fr\/wp-json\/wp\/v2\/media?parent=858"}],"curies":[{"name":"wp","href":"https:\/\/api.w.org\/{rel}","templated":true}]}}