
{"id":840,"date":"2024-11-11T03:47:47","date_gmt":"2024-11-11T08:47:47","guid":{"rendered":"https:\/\/theoscarproject.ca\/tarification\/"},"modified":"2025-04-15T10:51:47","modified_gmt":"2025-04-15T15:51:47","slug":"tarification","status":"publish","type":"page","link":"https:\/\/theoscarproject.ca\/fr\/tarification\/","title":{"rendered":"Tarification"},"content":{"rendered":"\n<div class=\"wp-block-group has-gradient-9-gradient-background has-background has-global-padding is-layout-constrained wp-block-group-is-layout-constrained\">\n<div class=\"wp-block-group alignwide hero-banner has-contrast-2-background-color has-background has-global-padding is-layout-constrained wp-container-core-group-is-layout-678cf196 wp-block-group-is-layout-constrained\" style=\"border-radius:16px;padding-top:0;padding-right:0;padding-bottom:0;padding-left:0\">\n<div class=\"wp-block-columns hero-banner-flex is-layout-flex wp-container-core-columns-is-layout-28f84493 wp-block-columns-is-layout-flex\">\n<div class=\"wp-block-column is-vertically-aligned-center hero-text is-layout-flow wp-block-column-is-layout-flow\" style=\"padding-top:0;padding-right:0;padding-bottom:0;padding-left:0;flex-basis:50%\">\n<h1 class=\"wp-block-heading\" style=\"font-size:clamp(1.743rem, 1.743rem + ((1vw - 0.2rem) * 2.095), 3rem);\">Des options de tarification simples pour un recyclage \u00e9lectronique s\u00e9curitaire<\/h1>\n\n\n\n<div style=\"height:5px\" aria-hidden=\"true\" class=\"wp-block-spacer\"><\/div>\n\n\n\n<p class=\"p\" style=\"font-size:clamp(0.875rem, 0.875rem + ((1vw - 0.2rem) * 0.542), 1.2rem);\">Notre prix comprend la destruction compl\u00e8te des donn\u00e9es ainsi que la r\u00e9utilisation et le recyclage responsables.<\/p>\n\n\n\n<div style=\"height:15px\" aria-hidden=\"true\" class=\"wp-block-spacer\"><\/div>\n\n\n\n<div class=\"wp-block-buttons is-layout-flex wp-block-buttons-is-layout-flex\">\n<div class=\"wp-block-button has-custom-font-size get-started-button\" style=\"font-size:clamp(0.984rem, 0.984rem + ((1vw - 0.2rem) * 0.86), 1.5rem);\"><a class=\"wp-block-button__link has-base-2-background-color has-background wp-element-button\" href=\"https:\/\/theoscarproject.ca\/fr\/commencez-maintenant\/\">Commencer<\/a><\/div>\n<\/div>\n<\/div>\n\n\n\n<div class=\"wp-block-column is-vertically-aligned-center is-layout-flow wp-block-column-is-layout-flow\" style=\"flex-basis:38%\">\n<figure class=\"wp-block-image alignright size-full hero-image\" style=\"margin-top:0;margin-right:0;margin-bottom:0;margin-left:0\"><img loading=\"lazy\" decoding=\"async\" width=\"722\" height=\"682\" src=\"https:\/\/theoscarproject.ca\/wp-content\/uploads\/2024\/12\/pricing-hero.jpg\" alt=\"\" class=\"wp-image-2541\" srcset=\"https:\/\/theoscarproject.ca\/wp-content\/uploads\/2024\/12\/pricing-hero.jpg 722w, https:\/\/theoscarproject.ca\/wp-content\/uploads\/2024\/12\/pricing-hero-300x283.jpg 300w, https:\/\/theoscarproject.ca\/wp-content\/uploads\/2024\/12\/pricing-hero-600x567.jpg 600w\" sizes=\"auto, (max-width: 722px) 100vw, 722px\" \/><\/figure>\n<\/div>\n<\/div>\n<\/div>\n<\/div>\n\n\n\n<main class=\"wp-block-group has-base-2-background-color has-background has-global-padding is-layout-constrained wp-block-group-is-layout-constrained\">\n<div class=\"wp-block-group center-text has-global-padding is-layout-constrained wp-block-group-is-layout-constrained\">\n<div style=\"height:45px\" aria-hidden=\"true\" class=\"wp-block-spacer\"><\/div>\n\n\n<span><span><a href=\"https:\/\/theoscarproject.ca\/fr\/\">Page d\u2019accueil<\/a><\/span><\/span>\n<\/div>\n\n\n\n<div style=\"height:45px\" aria-hidden=\"true\" class=\"wp-block-spacer\"><\/div>\n\n\n\n<h2 class=\"wp-block-heading has-text-align-center\" style=\"font-size:clamp(1.378rem, 1.378rem + ((1vw - 0.2rem) * 1.453), 2.25rem);\">Qui aurait cru que <mark style=\"background-color:rgba(0, 0, 0, 0)\" class=\"has-inline-color has-contrast-2-color\">la tranquillit\u00e9 d\u2019esprit<\/mark> pouvait \u00eatre si abordable?<\/h2>\n\n\n\n<div style=\"height:10px\" aria-hidden=\"true\" class=\"wp-block-spacer\"><\/div>\n\n\n\n<p class=\"has-text-align-center p\" style=\"font-size:clamp(0.984rem, 0.984rem + ((1vw - 0.2rem) * 0.86), 1.5rem);\">Allez au-del\u00e0 d\u2019une r\u00e9initialisation d\u2019usine et d\u00e9truisez vos donn\u00e9es personnelles en toute s\u00e9curit\u00e9.<\/p>\n\n\n\n<div style=\"height:45px\" aria-hidden=\"true\" class=\"wp-block-spacer\"><\/div>\n\n\n\n<div class=\"wp-block-group oscar-cards is-content-justification-center is-nowrap is-layout-flex wp-container-core-group-is-layout-23441af8 wp-block-group-is-layout-flex\">\n<div class=\"pricing-card-container\">\n  <div class=\"pricing-card\">\n    <div class=\"devices\">1-4 appareils<\/div>\n    <div class=\"price\">\n      4.99$\n      <span>\/appareil<\/span>\n    <\/div>\n    <footer class=\"pricing-footer\">\n     <em>Taxes applicables et frais de livraison en sus<\/em>\n    <\/footer>\n    <div class=\"description\">\n      Id\u00e9al pour les particuliers ou les travailleurs autonomes.  \n    <\/div>\n  <\/div>\n<\/div>\n\n\n\n<div class=\"pricing-card-container\">\n  <div class=\"badge\">Most Popular<\/div>\n  <div class=\"pricing-card\">\n    <div class=\"devices\">5+ appareils<\/div>\n    <div class=\"price\">\n      3.99$\n      <span>\/appareil<\/span>\n    <\/div>\n<footer class=\"pricing-footer\">\n      <em>Taxes applicables et frais de livraison en sus<\/em>\n    <\/footer>\n    <div class=\"description\">\n      Id\u00e9al pour un usage personnel et pour les petites entreprises.  \n<br>\n    <\/div>\n  <\/div>\n<\/div>\n\n\n\n<a href=\"https:\/\/theoscarproject.ca\/fr\/contactez-nous\/\">\n  <div class=\"pricing-card-container\">\n    <div class=\"pricing-card\">\n      <div class=\"devices\">50+ appareils<\/div>\n      <div class=\"contact\">Contactez<\/div>\n      <div class=\"description\">\n        Id\u00e9al pour les entreprises de taille moyenne \u00e0 grande  \n      <\/div>\n    <\/div>\n  <\/div>\n<\/a>\n<\/div>\n\n\n\n<div style=\"height:45px\" aria-hidden=\"true\" class=\"wp-block-spacer\"><\/div>\n<\/main>\n\n\n\n<div class=\"wp-block-group has-global-padding is-layout-constrained wp-container-core-group-is-layout-639b5052 wp-block-group-is-layout-constrained\" style=\"padding-top:0;padding-right:0;padding-bottom:0;padding-left:0\">\n<div class=\"wp-block-group inclusions-container has-base-background-color has-background has-global-padding is-layout-constrained wp-container-core-group-is-layout-6226084c wp-block-group-is-layout-constrained\" style=\"margin-top:0;margin-bottom:0;padding-top:0;padding-right:0;padding-bottom:0;padding-left:0\">\n<div class=\"inclusions-header\">\n            <h2>Qu&#8217;est-ce qui est inclus dans notre tarification ?<\/h2>\n            <p>Des options abordables pour garantir la destruction s\u00e9curis\u00e9e de vos donn\u00e9es personnelles.<\/p>\n        <\/div>\n        <div class=\"inclusions-content\">\n            <div class=\"inclusions-list\">\n                <strong>Les trois options incluent :<\/strong>\n                <ul>\n                    <li><img decoding=\"async\" src=\"https:\/\/theoscarproject.ca\/wp-content\/uploads\/2024\/12\/checkmark.png\" alt=\"Check\"\/>Destruction s\u00e9curis\u00e9e garantie de toutes<br>les donn\u00e9es sur l\u2019appareil (ou les appareils).<\/li>\n                    <li><img decoding=\"async\" src=\"https:\/\/theoscarproject.ca\/wp-content\/uploads\/2024\/12\/checkmark.png\" alt=\"Check\"\/>Certificats de destruction des donn\u00e9es et de recyclage des appareils.<\/li>\n                <\/ul>\n            <\/div>\n            <div class=\"inclusions-list\">\n                <strong>Optionnel :<\/strong>\n                <ul>\n                    <li><img decoding=\"async\" src=\"https:\/\/theoscarproject.ca\/wp-content\/uploads\/2024\/12\/checkmark.png\" alt=\"Check\"\/>Trousse de retour (19,99 $)<\/li>\n                    <li><img decoding=\"async\" src=\"https:\/\/theoscarproject.ca\/wp-content\/uploads\/2024\/12\/checkmark.png\" alt=\"Check\"\/>Donner une seconde vie \u00e0 vos appareils<span class=\"more-info-icon\"> i <span class=\"tooltip-text\">\n      <strong>Que signifie donner une \u00ab seconde vie \u00bb \u00e0 vos appareils ?<\/strong>\n      <p>Si votre t\u00e9l\u00e9phone intelligent ou votre tablette est encore en bon \u00e9tat, nous le remettrons \u00e0 neuf, effacerons ses donn\u00e9es en toute s\u00e9curit\u00e9 et l\u2019offrirons \u00e0 ceux qui en ont besoin afin de favoriser un meilleur acc\u00e8s \u00e0 la technologie au Canada. En optant pour cette solution, vous contribuez \u00e0 un avenir plus inclusif tout en aidant \u00e0 r\u00e9duire les d\u00e9chets \u00e9lectroniques. Veuillez noter que les ordinateurs portables et les disques durs ne peuvent pas \u00eatre restaur\u00e9s.<\/p>\n    <\/span>\n  <\/span><\/li>\n                <\/ul>\n            <\/div>\n        <\/div>\n<\/div>\n<\/div>\n\n\n\n<div style=\"height:45px\" aria-hidden=\"true\" class=\"wp-block-spacer\"><\/div>\n\n\n\n<div class=\"wp-block-group alignfull has-base-2-background-color has-background is-layout-flow wp-block-group-is-layout-flow\" style=\"margin-top:0;margin-bottom:0;padding-top:0;padding-right:0;padding-bottom:0;padding-left:0\">\n<div class=\"wp-block-group alignwide cta-block has-contrast-2-background-color has-background has-global-padding is-layout-constrained wp-container-core-group-is-layout-52009084 wp-block-group-is-layout-constrained\" style=\"border-radius:0px;padding-top:var(--wp--preset--spacing--40);padding-right:var(--wp--preset--spacing--40);padding-bottom:var(--wp--preset--spacing--40);padding-left:var(--wp--preset--spacing--40)\">\n<div class=\"wp-block-columns is-layout-flex wp-container-core-columns-is-layout-28f84493 wp-block-columns-is-layout-flex\">\n<div class=\"wp-block-column is-vertically-aligned-center cta-section-a is-layout-flow wp-block-column-is-layout-flow\">\n<h3 class=\"wp-block-heading has-base-2-color has-text-color has-link-color wp-elements-6f74297a8add2f374694ba35b5847eef\" style=\"font-size:clamp(1.25rem, 1.25rem + ((1vw - 0.2rem) * 1.25), 2rem);\"><mark style=\"background-color:rgba(0, 0, 0, 0)\" class=\"has-inline-color has-contrast-color\">Des questions ?<\/mark><br>Nous avons des r\u00e9ponses.<\/h3>\n\n\n\n<figure class=\"wp-block-image size-full is-resized green-recycle-icon_cta\"><img loading=\"lazy\" decoding=\"async\" width=\"606\" height=\"584\" src=\"https:\/\/theoscarproject.ca\/wp-content\/uploads\/2024\/11\/green-recycle.png\" alt=\"\" class=\"wp-image-809\" style=\"width:264px\" srcset=\"https:\/\/theoscarproject.ca\/wp-content\/uploads\/2024\/11\/green-recycle.png 606w, https:\/\/theoscarproject.ca\/wp-content\/uploads\/2024\/11\/green-recycle-300x289.png 300w, https:\/\/theoscarproject.ca\/wp-content\/uploads\/2024\/11\/green-recycle-600x578.png 600w\" sizes=\"auto, (max-width: 606px) 100vw, 606px\" \/><\/figure>\n<\/div>\n\n\n\n<div class=\"wp-block-column is-vertically-aligned-center cta-section-b is-layout-flow wp-block-column-is-layout-flow\">\n<p class=\"p has-contrast-color has-text-color has-link-color wp-elements-936db3111c94ab1c03cb8b59abed978b\" style=\"font-size:clamp(0.984rem, 0.984rem + ((1vw - 0.2rem) * 0.86), 1.5rem);font-style:normal;font-weight:600\">D\u00e9couvrez The Oscar Project et comment nous assurons la s\u00e9curit\u00e9 de vos donn\u00e9es \u00e0 chaque \u00e9tape. &nbsp;<\/p>\n<\/div>\n\n\n\n<div class=\"wp-block-column cta-section-c is-layout-flow wp-block-column-is-layout-flow\">\n<div class=\"wp-block-buttons relative-z-3 is-vertical is-content-justification-right is-nowrap is-layout-flex wp-container-core-buttons-is-layout-56116baa wp-block-buttons-is-layout-flex\">\n<div class=\"wp-block-button has-custom-width wp-block-button__width-50 has-custom-font-size get-started-button\" style=\"font-size:clamp(0.984rem, 0.984rem + ((1vw - 0.2rem) * 0.86), 1.5rem);\"><a class=\"wp-block-button__link has-contrast-color has-base-2-background-color has-text-color has-background has-link-color wp-element-button\" href=\"https:\/\/theoscarproject.ca\/fr\/commencez-maintenant\/\">Commencer<\/a><\/div>\n\n\n\n<div class=\"wp-block-button has-custom-width wp-block-button__width-50 has-custom-font-size\" style=\"font-size:clamp(0.984rem, 0.984rem + ((1vw - 0.2rem) * 0.86), 1.5rem);\"><a class=\"wp-block-button__link has-contrast-color has-base-2-background-color has-text-color has-background has-link-color wp-element-button\" href=\"https:\/\/theoscarproject.ca\/fr\/comment-ca-fonctionne\/\">En savoir plus<\/a><\/div>\n<\/div>\n<\/div>\n<\/div>\n<\/div>\n<\/div>\n\n\n\n<p><\/p>\n","protected":false},"excerpt":{"rendered":"<p>Des options de tarification simples pour un recyclage \u00e9lectronique s\u00e9curitaire Notre prix comprend la destruction compl\u00e8te des donn\u00e9es ainsi que la r\u00e9utilisation et le recyclage responsables. Qui aurait cru que la tranquillit\u00e9 d\u2019esprit pouvait \u00eatre si abordable? Allez au-del\u00e0 d\u2019une r\u00e9initialisation d\u2019usine et d\u00e9truisez vos donn\u00e9es personnelles en toute s\u00e9curit\u00e9. 1-4 appareils 4.99$ \/appareil Taxes [&hellip;]<\/p>\n","protected":false},"author":1,"featured_media":0,"parent":0,"menu_order":0,"comment_status":"closed","ping_status":"closed","template":"","meta":{"_acf_changed":false,"footnotes":""},"class_list":["post-840","page","type-page","status-publish","hentry"],"acf":[],"yoast_head":"<!-- This site is optimized with the Yoast SEO plugin v26.9 - https:\/\/yoast.com\/product\/yoast-seo-wordpress\/ -->\n<title>Electronics Recycling Cost in Canada | Safe &amp; Simple Pricing<\/title>\n<meta name=\"description\" content=\"Explore our transparent pricing for electronics recycling services in Canada. From cell phones to laptops, our rates include secure data destruction and eco-friendly disposal.\" \/>\n<meta name=\"robots\" content=\"index, follow, max-snippet:-1, max-image-preview:large, max-video-preview:-1\" \/>\n<link rel=\"canonical\" href=\"https:\/\/theoscarproject.ca\/fr\/tarification\/\" \/>\n<meta property=\"og:locale\" content=\"fr_FR\" \/>\n<meta property=\"og:type\" content=\"article\" \/>\n<meta property=\"og:title\" content=\"Electronics Recycling Cost in Canada | Safe &amp; Simple Pricing\" \/>\n<meta property=\"og:description\" content=\"Explore our transparent pricing for electronics recycling services in Canada. From cell phones to laptops, our rates include secure data destruction and eco-friendly disposal.\" \/>\n<meta property=\"og:url\" content=\"https:\/\/theoscarproject.ca\/fr\/tarification\/\" \/>\n<meta property=\"og:site_name\" content=\"The Oscar Project\" \/>\n<meta property=\"article:modified_time\" content=\"2025-04-15T15:51:47+00:00\" \/>\n<meta property=\"og:image\" content=\"https:\/\/theoscarproject.ca\/wp-content\/uploads\/2024\/12\/pricing-hero.jpg\" \/>\n\t<meta property=\"og:image:width\" content=\"722\" \/>\n\t<meta property=\"og:image:height\" content=\"682\" \/>\n\t<meta property=\"og:image:type\" content=\"image\/jpeg\" \/>\n<meta name=\"twitter:card\" content=\"summary_large_image\" \/>\n<meta name=\"twitter:label1\" content=\"Est. reading time\" \/>\n\t<meta name=\"twitter:data1\" content=\"3 minutes\" \/>\n<script type=\"application\/ld+json\" class=\"yoast-schema-graph\">{\"@context\":\"https:\/\/schema.org\",\"@graph\":[{\"@type\":\"WebPage\",\"@id\":\"https:\/\/theoscarproject.ca\/fr\/tarification\/\",\"url\":\"https:\/\/theoscarproject.ca\/fr\/tarification\/\",\"name\":\"Electronics Recycling Cost in Canada | Safe & Simple Pricing\",\"isPartOf\":{\"@id\":\"https:\/\/theoscarproject.ca\/fr\/#website\"},\"primaryImageOfPage\":{\"@id\":\"https:\/\/theoscarproject.ca\/fr\/tarification\/#primaryimage\"},\"image\":{\"@id\":\"https:\/\/theoscarproject.ca\/fr\/tarification\/#primaryimage\"},\"thumbnailUrl\":\"https:\/\/theoscarproject.ca\/wp-content\/uploads\/2024\/12\/pricing-hero.jpg\",\"datePublished\":\"2024-11-11T08:47:47+00:00\",\"dateModified\":\"2025-04-15T15:51:47+00:00\",\"description\":\"Explore our transparent pricing for electronics recycling services in Canada. From cell phones to laptops, our rates include secure data destruction and eco-friendly disposal.\",\"breadcrumb\":{\"@id\":\"https:\/\/theoscarproject.ca\/fr\/tarification\/#breadcrumb\"},\"inLanguage\":\"fr-FR\",\"potentialAction\":[{\"@type\":\"ReadAction\",\"target\":[\"https:\/\/theoscarproject.ca\/fr\/tarification\/\"]}]},{\"@type\":\"ImageObject\",\"inLanguage\":\"fr-FR\",\"@id\":\"https:\/\/theoscarproject.ca\/fr\/tarification\/#primaryimage\",\"url\":\"https:\/\/theoscarproject.ca\/wp-content\/uploads\/2024\/12\/pricing-hero.jpg\",\"contentUrl\":\"https:\/\/theoscarproject.ca\/wp-content\/uploads\/2024\/12\/pricing-hero.jpg\"},{\"@type\":\"BreadcrumbList\",\"@id\":\"https:\/\/theoscarproject.ca\/fr\/tarification\/#breadcrumb\",\"itemListElement\":[{\"@type\":\"ListItem\",\"position\":1,\"name\":\"Page d\u2019accueil\",\"item\":\"https:\/\/theoscarproject.ca\/fr\/\"},{\"@type\":\"ListItem\",\"position\":2,\"name\":\"Tarification\"}]},{\"@type\":\"WebSite\",\"@id\":\"https:\/\/theoscarproject.ca\/fr\/#website\",\"url\":\"https:\/\/theoscarproject.ca\/fr\/\",\"name\":\"The Oscar Project\",\"description\":\"\",\"publisher\":{\"@id\":\"https:\/\/theoscarproject.ca\/fr\/#organization\"},\"potentialAction\":[{\"@type\":\"SearchAction\",\"target\":{\"@type\":\"EntryPoint\",\"urlTemplate\":\"https:\/\/theoscarproject.ca\/fr\/?s={search_term_string}\"},\"query-input\":{\"@type\":\"PropertyValueSpecification\",\"valueRequired\":true,\"valueName\":\"search_term_string\"}}],\"inLanguage\":\"fr-FR\"},{\"@type\":\"Organization\",\"@id\":\"https:\/\/theoscarproject.ca\/fr\/#organization\",\"name\":\"The Oscar Project\",\"url\":\"https:\/\/theoscarproject.ca\/fr\/\",\"logo\":{\"@type\":\"ImageObject\",\"inLanguage\":\"fr-FR\",\"@id\":\"https:\/\/theoscarproject.ca\/fr\/#\/schema\/logo\/image\/\",\"url\":\"https:\/\/theoscarproject.ca\/wp-content\/uploads\/2024\/11\/oscar-logo-black_web.png\",\"contentUrl\":\"https:\/\/theoscarproject.ca\/wp-content\/uploads\/2024\/11\/oscar-logo-black_web.png\",\"width\":978,\"height\":568,\"caption\":\"The Oscar Project\"},\"image\":{\"@id\":\"https:\/\/theoscarproject.ca\/fr\/#\/schema\/logo\/image\/\"}}]}<\/script>\n<!-- \/ Yoast SEO plugin. -->","yoast_head_json":{"title":"Electronics Recycling Cost in Canada | Safe & Simple Pricing","description":"Explore our transparent pricing for electronics recycling services in Canada. From cell phones to laptops, our rates include secure data destruction and eco-friendly disposal.","robots":{"index":"index","follow":"follow","max-snippet":"max-snippet:-1","max-image-preview":"max-image-preview:large","max-video-preview":"max-video-preview:-1"},"canonical":"https:\/\/theoscarproject.ca\/fr\/tarification\/","og_locale":"fr_FR","og_type":"article","og_title":"Electronics Recycling Cost in Canada | Safe & Simple Pricing","og_description":"Explore our transparent pricing for electronics recycling services in Canada. From cell phones to laptops, our rates include secure data destruction and eco-friendly disposal.","og_url":"https:\/\/theoscarproject.ca\/fr\/tarification\/","og_site_name":"The Oscar Project","article_modified_time":"2025-04-15T15:51:47+00:00","og_image":[{"width":722,"height":682,"url":"https:\/\/theoscarproject.ca\/wp-content\/uploads\/2024\/12\/pricing-hero.jpg","type":"image\/jpeg"}],"twitter_card":"summary_large_image","twitter_misc":{"Est. reading time":"3 minutes"},"schema":{"@context":"https:\/\/schema.org","@graph":[{"@type":"WebPage","@id":"https:\/\/theoscarproject.ca\/fr\/tarification\/","url":"https:\/\/theoscarproject.ca\/fr\/tarification\/","name":"Electronics Recycling Cost in Canada | Safe & Simple Pricing","isPartOf":{"@id":"https:\/\/theoscarproject.ca\/fr\/#website"},"primaryImageOfPage":{"@id":"https:\/\/theoscarproject.ca\/fr\/tarification\/#primaryimage"},"image":{"@id":"https:\/\/theoscarproject.ca\/fr\/tarification\/#primaryimage"},"thumbnailUrl":"https:\/\/theoscarproject.ca\/wp-content\/uploads\/2024\/12\/pricing-hero.jpg","datePublished":"2024-11-11T08:47:47+00:00","dateModified":"2025-04-15T15:51:47+00:00","description":"Explore our transparent pricing for electronics recycling services in Canada. From cell phones to laptops, our rates include secure data destruction and eco-friendly disposal.","breadcrumb":{"@id":"https:\/\/theoscarproject.ca\/fr\/tarification\/#breadcrumb"},"inLanguage":"fr-FR","potentialAction":[{"@type":"ReadAction","target":["https:\/\/theoscarproject.ca\/fr\/tarification\/"]}]},{"@type":"ImageObject","inLanguage":"fr-FR","@id":"https:\/\/theoscarproject.ca\/fr\/tarification\/#primaryimage","url":"https:\/\/theoscarproject.ca\/wp-content\/uploads\/2024\/12\/pricing-hero.jpg","contentUrl":"https:\/\/theoscarproject.ca\/wp-content\/uploads\/2024\/12\/pricing-hero.jpg"},{"@type":"BreadcrumbList","@id":"https:\/\/theoscarproject.ca\/fr\/tarification\/#breadcrumb","itemListElement":[{"@type":"ListItem","position":1,"name":"Page d\u2019accueil","item":"https:\/\/theoscarproject.ca\/fr\/"},{"@type":"ListItem","position":2,"name":"Tarification"}]},{"@type":"WebSite","@id":"https:\/\/theoscarproject.ca\/fr\/#website","url":"https:\/\/theoscarproject.ca\/fr\/","name":"The Oscar Project","description":"","publisher":{"@id":"https:\/\/theoscarproject.ca\/fr\/#organization"},"potentialAction":[{"@type":"SearchAction","target":{"@type":"EntryPoint","urlTemplate":"https:\/\/theoscarproject.ca\/fr\/?s={search_term_string}"},"query-input":{"@type":"PropertyValueSpecification","valueRequired":true,"valueName":"search_term_string"}}],"inLanguage":"fr-FR"},{"@type":"Organization","@id":"https:\/\/theoscarproject.ca\/fr\/#organization","name":"The Oscar Project","url":"https:\/\/theoscarproject.ca\/fr\/","logo":{"@type":"ImageObject","inLanguage":"fr-FR","@id":"https:\/\/theoscarproject.ca\/fr\/#\/schema\/logo\/image\/","url":"https:\/\/theoscarproject.ca\/wp-content\/uploads\/2024\/11\/oscar-logo-black_web.png","contentUrl":"https:\/\/theoscarproject.ca\/wp-content\/uploads\/2024\/11\/oscar-logo-black_web.png","width":978,"height":568,"caption":"The Oscar Project"},"image":{"@id":"https:\/\/theoscarproject.ca\/fr\/#\/schema\/logo\/image\/"}}]}},"_links":{"self":[{"href":"https:\/\/theoscarproject.ca\/fr\/wp-json\/wp\/v2\/pages\/840","targetHints":{"allow":["GET"]}}],"collection":[{"href":"https:\/\/theoscarproject.ca\/fr\/wp-json\/wp\/v2\/pages"}],"about":[{"href":"https:\/\/theoscarproject.ca\/fr\/wp-json\/wp\/v2\/types\/page"}],"author":[{"embeddable":true,"href":"https:\/\/theoscarproject.ca\/fr\/wp-json\/wp\/v2\/users\/1"}],"replies":[{"embeddable":true,"href":"https:\/\/theoscarproject.ca\/fr\/wp-json\/wp\/v2\/comments?post=840"}],"version-history":[{"count":36,"href":"https:\/\/theoscarproject.ca\/fr\/wp-json\/wp\/v2\/pages\/840\/revisions"}],"predecessor-version":[{"id":3575,"href":"https:\/\/theoscarproject.ca\/fr\/wp-json\/wp\/v2\/pages\/840\/revisions\/3575"}],"wp:attachment":[{"href":"https:\/\/theoscarproject.ca\/fr\/wp-json\/wp\/v2\/media?parent=840"}],"curies":[{"name":"wp","href":"https:\/\/api.w.org\/{rel}","templated":true}]}}