
{"id":838,"date":"2024-11-10T21:29:55","date_gmt":"2024-11-11T02:29:55","guid":{"rendered":"https:\/\/theoscarproject.ca\/comment-ca-fonctionne\/"},"modified":"2025-04-15T10:43:00","modified_gmt":"2025-04-15T15:43:00","slug":"comment-ca-fonctionne","status":"publish","type":"page","link":"https:\/\/theoscarproject.ca\/fr\/comment-ca-fonctionne\/","title":{"rendered":"Comment \u00e7a fonctionne ?"},"content":{"rendered":"\n<div class=\"wp-block-group has-gradient-9-gradient-background has-background has-global-padding is-layout-constrained wp-block-group-is-layout-constrained\">\n<div class=\"wp-block-group alignwide hero-banner has-contrast-2-background-color has-background has-global-padding is-layout-constrained wp-container-core-group-is-layout-678cf196 wp-block-group-is-layout-constrained\" style=\"border-radius:16px;padding-top:0;padding-right:0;padding-bottom:0;padding-left:0\">\n<div class=\"wp-block-columns hero-banner-flex is-layout-flex wp-container-core-columns-is-layout-28f84493 wp-block-columns-is-layout-flex\">\n<div class=\"wp-block-column is-vertically-aligned-center hero-text is-layout-flow wp-block-column-is-layout-flow\" style=\"padding-top:0;padding-right:0;padding-bottom:0;padding-left:0;flex-basis:50%\">\n<h1 class=\"wp-block-heading\" style=\"font-size:clamp(1.743rem, 1.743rem + ((1vw - 0.2rem) * 2.095), 3rem);\">Comment fonctionne notre service de recyclage s\u00e9curitaire et simple<\/h1>\n\n\n\n<div style=\"height:5px\" aria-hidden=\"true\" class=\"wp-block-spacer\"><\/div>\n\n\n\n<p class=\"p\" style=\"font-size:clamp(0.875rem, 0.875rem + ((1vw - 0.2rem) * 0.542), 1.2rem);\">Voici comment nous rendons l\u2019\u00e9limination responsable de vos anciens appareils pratique, tout en garantissant la destruction de vos donn\u00e9es personnelles.<\/p>\n\n\n\n<div style=\"height:15px\" aria-hidden=\"true\" class=\"wp-block-spacer\"><\/div>\n\n\n\n<div class=\"wp-block-buttons is-layout-flex wp-block-buttons-is-layout-flex\">\n<div class=\"wp-block-button has-custom-font-size get-started-button\" style=\"font-size:clamp(0.984rem, 0.984rem + ((1vw - 0.2rem) * 0.86), 1.5rem);\"><a class=\"wp-block-button__link has-base-2-background-color has-background wp-element-button\" href=\"https:\/\/theoscarproject.ca\/fr\/commencez-maintenant\/\">Commencer<\/a><\/div>\n<\/div>\n<\/div>\n\n\n\n<div class=\"wp-block-column is-vertically-aligned-center is-layout-flow wp-block-column-is-layout-flow\" style=\"flex-basis:38%\">\n<figure class=\"wp-block-image alignright size-full hero-image\" style=\"margin-top:0;margin-right:0;margin-bottom:0;margin-left:0\"><img loading=\"lazy\" decoding=\"async\" width=\"722\" height=\"682\" src=\"https:\/\/theoscarproject.ca\/wp-content\/uploads\/2024\/12\/how-it-works-hero-image.jpg\" alt=\"\" class=\"wp-image-2689\" srcset=\"https:\/\/theoscarproject.ca\/wp-content\/uploads\/2024\/12\/how-it-works-hero-image.jpg 722w, https:\/\/theoscarproject.ca\/wp-content\/uploads\/2024\/12\/how-it-works-hero-image-300x283.jpg 300w, https:\/\/theoscarproject.ca\/wp-content\/uploads\/2024\/12\/how-it-works-hero-image-600x567.jpg 600w\" sizes=\"auto, (max-width: 722px) 100vw, 722px\" \/><\/figure>\n<\/div>\n<\/div>\n<\/div>\n<\/div>\n\n\n\n<div class=\"wp-block-group center-text has-global-padding is-layout-constrained wp-block-group-is-layout-constrained\">\n<div style=\"height:45px\" aria-hidden=\"true\" class=\"wp-block-spacer\"><\/div>\n\n\n<span><span><a href=\"https:\/\/theoscarproject.ca\/fr\/\">Page d\u2019accueil<\/a><\/span><\/span>\n\n\n\n<div style=\"height:45px\" aria-hidden=\"true\" class=\"wp-block-spacer\"><\/div>\n<\/div>\n\n\n\n<main class=\"wp-block-group has-base-2-background-color has-background has-global-padding is-layout-constrained wp-block-group-is-layout-constrained\">\n<h2 class=\"wp-block-heading has-text-align-center\" style=\"font-size:clamp(1.378rem, 1.378rem + ((1vw - 0.2rem) * 1.453), 2.25rem);\"><strong>Aussi simple que <mark style=\"background-color:rgba(0, 0, 0, 0)\" class=\"has-inline-color has-contrast-2-color\">1<\/mark>&#8211;<mark style=\"background-color:rgba(0, 0, 0, 0)\" class=\"has-inline-color has-contrast-2-color\">2<\/mark>&#8211;<mark style=\"background-color:rgba(0, 0, 0, 0)\" class=\"has-inline-color has-contrast-2-color\">3<\/mark> avec The Oscar Project<\/strong><\/h2>\n\n\n\n<div style=\"height:10px\" aria-hidden=\"true\" class=\"wp-block-spacer\"><\/div>\n\n\n\n<p class=\"has-text-align-center p\" style=\"font-size:clamp(0.984rem, 0.984rem + ((1vw - 0.2rem) * 0.86), 1.5rem);\">Le choix pratique pour une \u00e9limination s\u00e9curitaire et responsable de vos anciens appareils.<\/p>\n\n\n\n<div style=\"height:45px\" aria-hidden=\"true\" class=\"wp-block-spacer\"><\/div>\n\n\n\n<div class=\"wp-block-media-text alignwide has-media-on-the-right is-stacked-on-mobile is-vertically-aligned-center\" style=\"grid-template-columns:auto 35%\"><div class=\"wp-block-media-text__content\">\n<h3 class=\"wp-block-heading\" style=\"font-size:clamp(1.198rem, 1.198rem + ((1vw - 0.2rem) * 1.17), 1.9rem);\"><strong><mark style=\"background-color:rgba(0, 0, 0, 0)\" class=\"has-inline-color has-contrast-2-color\">1. <\/mark>Dites-nous ce que vous voulez recycler<\/strong><\/h3>\n\n\n\n<ul style=\"margin-right:var(--wp--preset--spacing--20);margin-left:var(--wp--preset--spacing--20);font-size:clamp(0.984rem, 0.984rem + ((1vw - 0.2rem) * 0.86), 1.5rem);\" class=\"wp-block-list width-cap\">\n<li class=\"p\">Cliquez sur le bouton \u00ab Commencer \u00bb<br>en haut \u00e0 droite de la page.<\/li>\n\n\n\n<li class=\"p\">Indiquez les appareils que vous souhaitez <br>recycler et leurs quantit\u00e9s.<\/li>\n\n\n\n<li class=\"p\">Choisissez d\u2019utiliser votre propre emballage<br>ou ajoutez une trousse de retour pour 19,99 $.<\/li>\n\n\n\n<li class=\"p\">Finalisez votre commande et recevez votre<br>num\u00e9ro de commande.<\/li>\n<\/ul>\n<\/div><figure class=\"wp-block-media-text__media\"><img loading=\"lazy\" decoding=\"async\" width=\"874\" height=\"1024\" src=\"https:\/\/theoscarproject.ca\/wp-content\/uploads\/2024\/11\/get-devices-874x1024.jpg\" alt=\"\" class=\"wp-image-731 size-full\" srcset=\"https:\/\/theoscarproject.ca\/wp-content\/uploads\/2024\/11\/get-devices-874x1024.jpg 874w, https:\/\/theoscarproject.ca\/wp-content\/uploads\/2024\/11\/get-devices-256x300.jpg 256w, https:\/\/theoscarproject.ca\/wp-content\/uploads\/2024\/11\/get-devices-768x900.jpg 768w, https:\/\/theoscarproject.ca\/wp-content\/uploads\/2024\/11\/get-devices-1311x1536.jpg 1311w, https:\/\/theoscarproject.ca\/wp-content\/uploads\/2024\/11\/get-devices-600x703.jpg 600w, https:\/\/theoscarproject.ca\/wp-content\/uploads\/2024\/11\/get-devices.jpg 1366w\" sizes=\"auto, (max-width: 874px) 100vw, 874px\" \/><\/figure><\/div>\n\n\n\n<div style=\"height:45px\" aria-hidden=\"true\" class=\"wp-block-spacer\"><\/div>\n\n\n\n<div class=\"wp-block-media-text is-stacked-on-mobile is-vertically-aligned-center\" style=\"grid-template-columns:35% auto\"><figure class=\"wp-block-media-text__media\"><img loading=\"lazy\" decoding=\"async\" width=\"874\" height=\"1024\" src=\"https:\/\/theoscarproject.ca\/wp-content\/uploads\/2024\/11\/mail-order-874x1024.jpg\" alt=\"\" class=\"wp-image-733 size-full\" srcset=\"https:\/\/theoscarproject.ca\/wp-content\/uploads\/2024\/11\/mail-order-874x1024.jpg 874w, https:\/\/theoscarproject.ca\/wp-content\/uploads\/2024\/11\/mail-order-256x300.jpg 256w, https:\/\/theoscarproject.ca\/wp-content\/uploads\/2024\/11\/mail-order-768x900.jpg 768w, https:\/\/theoscarproject.ca\/wp-content\/uploads\/2024\/11\/mail-order-1311x1536.jpg 1311w, https:\/\/theoscarproject.ca\/wp-content\/uploads\/2024\/11\/mail-order-600x703.jpg 600w, https:\/\/theoscarproject.ca\/wp-content\/uploads\/2024\/11\/mail-order.jpg 1366w\" sizes=\"auto, (max-width: 874px) 100vw, 874px\" \/><\/figure><div class=\"wp-block-media-text__content\">\n<h3 class=\"wp-block-heading\" style=\"font-size:clamp(1.198rem, 1.198rem + ((1vw - 0.2rem) * 1.17), 1.9rem);\"><strong><mark style=\"background-color:rgba(0, 0, 0, 0)\" class=\"has-inline-color has-contrast-2-color\">2. <\/mark>Envoyez vos appareils par la poste<\/strong><\/h3>\n\n\n\n<ul style=\"margin-right:var(--wp--preset--spacing--20);margin-left:var(--wp--preset--spacing--20);font-size:clamp(0.984rem, 0.984rem + ((1vw - 0.2rem) * 0.86), 1.5rem);\" class=\"wp-block-list width-cap\">\n<li class=\"p\">Apposez l\u2019\u00e9tiquette d\u2019exp\u00e9dition pr\u00e9pay\u00e9e sur votre emballage ou attendez l\u2019arriv\u00e9e de votre trousse de retour pr\u00e9-pr\u00e9par\u00e9.<\/li>\n\n\n\n<li class=\"p\">D\u00e9posez votre colis dans une bo\u00eete aux lettres ou dans l\u2019un des 6 000 points de d\u00e9p\u00f4t de Postes Canada.<\/li>\n<\/ul>\n<\/div><\/div>\n\n\n\n<div style=\"height:45px\" aria-hidden=\"true\" class=\"wp-block-spacer\"><\/div>\n\n\n\n<div class=\"wp-block-media-text has-media-on-the-right is-stacked-on-mobile is-vertically-aligned-center\" style=\"grid-template-columns:auto 35%\"><div class=\"wp-block-media-text__content parent-list\"><h3 class=\"wp-block-heading\" style=\"font-size:clamp(1.198rem, 1.198rem + ((1vw - 0.2rem) * 1.17), 1.9rem);\"><strong><mark style=\"background-color:rgba(0, 0, 0, 0)\" class=\"has-inline-color has-contrast-2-color\">3. <\/mark>Suivez votre commande<\/strong><\/h3>\n\n<ul style=\"margin-right:var(--wp--preset--spacing--20);margin-left:var(--wp--preset--spacing--20);font-size:clamp(0.984rem, 0.984rem + ((1vw - 0.2rem) * 0.86), 1.5rem);line-height:1.5\" class=\"wp-block-list width-cap\"><li class=\"p\">Vous recevrez des mises \u00e0 jour par courriel\n<br>\u00e0 chaque \u00e9tape du processus.<\/li>\n\n<li class=\"p\">Une fois les donn\u00e9es restantes sur vos appareils d\u00e9truites, vous recevrez un certificat confirmant la destruction.<\/li>\n\n<li class=\"p\">Vos appareils seront ensuite recycl\u00e9s de mani\u00e8re responsable ou vous pourrez choisir de leur donner une seconde vie.<span class=\"more-info-icon\"> i <span class=\"tooltip-text\">\n      <strong>Que signifie donner une \u00ab seconde vie \u00bb \u00e0 vos appareils ?<\/strong>\n      <p>Si votre t\u00e9l\u00e9phone intelligent ou votre tablette est encore en bon \u00e9tat, nous le remettrons \u00e0 neuf, effacerons ses donn\u00e9es en toute s\u00e9curit\u00e9 et l\u2019offrirons \u00e0 ceux qui en ont besoin afin de favoriser un meilleur acc\u00e8s \u00e0 la technologie au Canada. En optant pour cette solution, vous contribuez \u00e0 un avenir plus inclusif tout en aidant \u00e0 r\u00e9duire les d\u00e9chets \u00e9lectroniques. Veuillez noter que les ordinateurs portables et les disques durs ne peuvent pas \u00eatre restaur\u00e9s.<\/p>\n    <\/span>\n  <\/span>\n<\/li><\/ul><\/div><figure class=\"wp-block-media-text__media\"><img loading=\"lazy\" decoding=\"async\" width=\"874\" height=\"1024\" src=\"https:\/\/theoscarproject.ca\/wp-content\/uploads\/2024\/11\/track-order-874x1024.jpg\" alt=\"\" class=\"wp-image-735 size-full\" srcset=\"https:\/\/theoscarproject.ca\/wp-content\/uploads\/2024\/11\/track-order-874x1024.jpg 874w, https:\/\/theoscarproject.ca\/wp-content\/uploads\/2024\/11\/track-order-256x300.jpg 256w, https:\/\/theoscarproject.ca\/wp-content\/uploads\/2024\/11\/track-order-768x900.jpg 768w, https:\/\/theoscarproject.ca\/wp-content\/uploads\/2024\/11\/track-order-1311x1536.jpg 1311w, https:\/\/theoscarproject.ca\/wp-content\/uploads\/2024\/11\/track-order-600x703.jpg 600w, https:\/\/theoscarproject.ca\/wp-content\/uploads\/2024\/11\/track-order.jpg 1366w\" sizes=\"auto, (max-width: 874px) 100vw, 874px\"\/><\/figure><\/div>\n<\/main>\n\n\n\n<div style=\"height:45px\" aria-hidden=\"true\" class=\"wp-block-spacer\"><\/div>\n\n\n\n<div class=\"wp-block-group alignwide cta-block has-contrast-2-background-color has-background has-global-padding is-layout-constrained wp-container-core-group-is-layout-52009084 wp-block-group-is-layout-constrained\" style=\"border-radius:0px;padding-top:var(--wp--preset--spacing--40);padding-right:var(--wp--preset--spacing--40);padding-bottom:var(--wp--preset--spacing--40);padding-left:var(--wp--preset--spacing--40)\">\n<div class=\"wp-block-columns is-layout-flex wp-container-core-columns-is-layout-28f84493 wp-block-columns-is-layout-flex\">\n<div class=\"wp-block-column is-vertically-aligned-center cta-section-a is-layout-flow wp-block-column-is-layout-flow\">\n<h3 class=\"wp-block-heading has-base-2-color has-text-color has-link-color wp-elements-6f74297a8add2f374694ba35b5847eef\" style=\"font-size:clamp(1.25rem, 1.25rem + ((1vw - 0.2rem) * 1.25), 2rem);\"><mark style=\"background-color:rgba(0, 0, 0, 0)\" class=\"has-inline-color has-contrast-color\">Des questions ?<\/mark><br>Nous avons des r\u00e9ponses.<\/h3>\n\n\n\n<figure class=\"wp-block-image size-full is-resized green-recycle-icon_cta\"><img loading=\"lazy\" decoding=\"async\" width=\"606\" height=\"584\" src=\"https:\/\/theoscarproject.ca\/wp-content\/uploads\/2024\/11\/green-recycle.png\" alt=\"\" class=\"wp-image-809\" style=\"width:264px\" srcset=\"https:\/\/theoscarproject.ca\/wp-content\/uploads\/2024\/11\/green-recycle.png 606w, https:\/\/theoscarproject.ca\/wp-content\/uploads\/2024\/11\/green-recycle-300x289.png 300w, https:\/\/theoscarproject.ca\/wp-content\/uploads\/2024\/11\/green-recycle-600x578.png 600w\" sizes=\"auto, (max-width: 606px) 100vw, 606px\" \/><\/figure>\n<\/div>\n\n\n\n<div class=\"wp-block-column is-vertically-aligned-center cta-section-b is-layout-flow wp-block-column-is-layout-flow\">\n<p class=\"p has-contrast-color has-text-color has-link-color wp-elements-c87fd67646758cb88c6cc31b09172087\" style=\"font-size:clamp(0.984rem, 0.984rem + ((1vw - 0.2rem) * 0.86), 1.5rem);font-style:normal;font-weight:600\">D\u00e9couvrez The Oscar Project et comment nous assurons la s\u00e9curit\u00e9 de vos donn\u00e9es \u00e0 chaque \u00e9tape. \u00a0<\/p>\n<\/div>\n\n\n\n<div class=\"wp-block-column cta-section-c is-layout-flow wp-block-column-is-layout-flow\">\n<div class=\"wp-block-buttons relative-z-3 is-vertical is-content-justification-right is-nowrap is-layout-flex wp-container-core-buttons-is-layout-56116baa wp-block-buttons-is-layout-flex\">\n<div class=\"wp-block-button has-custom-width wp-block-button__width-50 has-custom-font-size get-started-button\" style=\"font-size:clamp(0.984rem, 0.984rem + ((1vw - 0.2rem) * 0.86), 1.5rem);\"><a class=\"wp-block-button__link has-contrast-color has-base-2-background-color has-text-color has-background has-link-color wp-element-button\" href=\"https:\/\/theoscarproject.ca\/fr\/commencez-maintenant\/\">Commencer<\/a><\/div>\n\n\n\n<div class=\"wp-block-button has-custom-width wp-block-button__width-50 has-custom-font-size\" style=\"font-size:clamp(0.984rem, 0.984rem + ((1vw - 0.2rem) * 0.86), 1.5rem);\"><a class=\"wp-block-button__link has-contrast-color has-base-2-background-color has-text-color has-background has-link-color wp-element-button\" href=\"https:\/\/theoscarproject.ca\/fr\/comment-ca-fonctionne\/\">En savoir plus<\/a><\/div>\n<\/div>\n<\/div>\n<\/div>\n<\/div>\n","protected":false},"excerpt":{"rendered":"<p>Comment fonctionne notre service de recyclage s\u00e9curitaire et simple Voici comment nous rendons l\u2019\u00e9limination responsable de vos anciens appareils pratique, tout en garantissant la destruction de vos donn\u00e9es personnelles. Aussi simple que 1&#8211;2&#8211;3 avec The Oscar Project Le choix pratique pour une \u00e9limination s\u00e9curitaire et responsable de vos anciens appareils. 1. Dites-nous ce que vous [&hellip;]<\/p>\n","protected":false},"author":1,"featured_media":0,"parent":0,"menu_order":0,"comment_status":"closed","ping_status":"open","template":"","meta":{"_acf_changed":false,"footnotes":""},"class_list":["post-838","page","type-page","status-publish","hentry"],"acf":[],"yoast_head":"<!-- This site is optimized with the Yoast SEO plugin v26.9 - https:\/\/yoast.com\/product\/yoast-seo-wordpress\/ -->\n<title>Comment \u00e7a fonctionne ? - The Oscar Project<\/title>\n<meta name=\"robots\" content=\"index, follow, max-snippet:-1, max-image-preview:large, max-video-preview:-1\" \/>\n<link rel=\"canonical\" href=\"https:\/\/theoscarproject.ca\/fr\/comment-ca-fonctionne\/\" \/>\n<meta property=\"og:locale\" content=\"fr_FR\" \/>\n<meta property=\"og:type\" content=\"article\" \/>\n<meta property=\"og:title\" content=\"Comment \u00e7a fonctionne ? - The Oscar Project\" \/>\n<meta property=\"og:description\" content=\"Comment fonctionne notre service de recyclage s\u00e9curitaire et simple Voici comment nous rendons l\u2019\u00e9limination responsable de vos anciens appareils pratique, tout en garantissant la destruction de vos donn\u00e9es personnelles. Aussi simple que 1&#8211;2&#8211;3 avec The Oscar Project Le choix pratique pour une \u00e9limination s\u00e9curitaire et responsable de vos anciens appareils. 1. Dites-nous ce que vous [&hellip;]\" \/>\n<meta property=\"og:url\" content=\"https:\/\/theoscarproject.ca\/fr\/comment-ca-fonctionne\/\" \/>\n<meta property=\"og:site_name\" content=\"The Oscar Project\" \/>\n<meta property=\"article:modified_time\" content=\"2025-04-15T15:43:00+00:00\" \/>\n<meta property=\"og:image\" content=\"https:\/\/theoscarproject.ca\/wp-content\/uploads\/2024\/12\/how-it-works-hero-image.jpg\" \/>\n\t<meta property=\"og:image:width\" content=\"722\" \/>\n\t<meta property=\"og:image:height\" content=\"682\" \/>\n\t<meta property=\"og:image:type\" content=\"image\/jpeg\" \/>\n<meta name=\"twitter:card\" content=\"summary_large_image\" \/>\n<meta name=\"twitter:label1\" content=\"Est. reading time\" \/>\n\t<meta name=\"twitter:data1\" content=\"3 minutes\" \/>\n<script type=\"application\/ld+json\" class=\"yoast-schema-graph\">{\"@context\":\"https:\/\/schema.org\",\"@graph\":[{\"@type\":\"WebPage\",\"@id\":\"https:\/\/theoscarproject.ca\/fr\/comment-ca-fonctionne\/\",\"url\":\"https:\/\/theoscarproject.ca\/fr\/comment-ca-fonctionne\/\",\"name\":\"Comment \u00e7a fonctionne ? - The Oscar Project\",\"isPartOf\":{\"@id\":\"https:\/\/theoscarproject.ca\/fr\/#website\"},\"primaryImageOfPage\":{\"@id\":\"https:\/\/theoscarproject.ca\/fr\/comment-ca-fonctionne\/#primaryimage\"},\"image\":{\"@id\":\"https:\/\/theoscarproject.ca\/fr\/comment-ca-fonctionne\/#primaryimage\"},\"thumbnailUrl\":\"https:\/\/theoscarproject.ca\/wp-content\/uploads\/2024\/12\/how-it-works-hero-image.jpg\",\"datePublished\":\"2024-11-11T02:29:55+00:00\",\"dateModified\":\"2025-04-15T15:43:00+00:00\",\"breadcrumb\":{\"@id\":\"https:\/\/theoscarproject.ca\/fr\/comment-ca-fonctionne\/#breadcrumb\"},\"inLanguage\":\"fr-FR\",\"potentialAction\":[{\"@type\":\"ReadAction\",\"target\":[\"https:\/\/theoscarproject.ca\/fr\/comment-ca-fonctionne\/\"]}]},{\"@type\":\"ImageObject\",\"inLanguage\":\"fr-FR\",\"@id\":\"https:\/\/theoscarproject.ca\/fr\/comment-ca-fonctionne\/#primaryimage\",\"url\":\"https:\/\/theoscarproject.ca\/wp-content\/uploads\/2024\/12\/how-it-works-hero-image.jpg\",\"contentUrl\":\"https:\/\/theoscarproject.ca\/wp-content\/uploads\/2024\/12\/how-it-works-hero-image.jpg\"},{\"@type\":\"BreadcrumbList\",\"@id\":\"https:\/\/theoscarproject.ca\/fr\/comment-ca-fonctionne\/#breadcrumb\",\"itemListElement\":[{\"@type\":\"ListItem\",\"position\":1,\"name\":\"Page d\u2019accueil\",\"item\":\"https:\/\/theoscarproject.ca\/fr\/\"},{\"@type\":\"ListItem\",\"position\":2,\"name\":\"Comment \u00e7a fonctionne ?\"}]},{\"@type\":\"WebSite\",\"@id\":\"https:\/\/theoscarproject.ca\/fr\/#website\",\"url\":\"https:\/\/theoscarproject.ca\/fr\/\",\"name\":\"The Oscar Project\",\"description\":\"\",\"publisher\":{\"@id\":\"https:\/\/theoscarproject.ca\/fr\/#organization\"},\"potentialAction\":[{\"@type\":\"SearchAction\",\"target\":{\"@type\":\"EntryPoint\",\"urlTemplate\":\"https:\/\/theoscarproject.ca\/fr\/?s={search_term_string}\"},\"query-input\":{\"@type\":\"PropertyValueSpecification\",\"valueRequired\":true,\"valueName\":\"search_term_string\"}}],\"inLanguage\":\"fr-FR\"},{\"@type\":\"Organization\",\"@id\":\"https:\/\/theoscarproject.ca\/fr\/#organization\",\"name\":\"The Oscar Project\",\"url\":\"https:\/\/theoscarproject.ca\/fr\/\",\"logo\":{\"@type\":\"ImageObject\",\"inLanguage\":\"fr-FR\",\"@id\":\"https:\/\/theoscarproject.ca\/fr\/#\/schema\/logo\/image\/\",\"url\":\"https:\/\/theoscarproject.ca\/wp-content\/uploads\/2024\/11\/oscar-logo-black_web.png\",\"contentUrl\":\"https:\/\/theoscarproject.ca\/wp-content\/uploads\/2024\/11\/oscar-logo-black_web.png\",\"width\":978,\"height\":568,\"caption\":\"The Oscar Project\"},\"image\":{\"@id\":\"https:\/\/theoscarproject.ca\/fr\/#\/schema\/logo\/image\/\"}}]}<\/script>\n<!-- \/ Yoast SEO plugin. -->","yoast_head_json":{"title":"Comment \u00e7a fonctionne ? - The Oscar Project","robots":{"index":"index","follow":"follow","max-snippet":"max-snippet:-1","max-image-preview":"max-image-preview:large","max-video-preview":"max-video-preview:-1"},"canonical":"https:\/\/theoscarproject.ca\/fr\/comment-ca-fonctionne\/","og_locale":"fr_FR","og_type":"article","og_title":"Comment \u00e7a fonctionne ? - The Oscar Project","og_description":"Comment fonctionne notre service de recyclage s\u00e9curitaire et simple Voici comment nous rendons l\u2019\u00e9limination responsable de vos anciens appareils pratique, tout en garantissant la destruction de vos donn\u00e9es personnelles. Aussi simple que 1&#8211;2&#8211;3 avec The Oscar Project Le choix pratique pour une \u00e9limination s\u00e9curitaire et responsable de vos anciens appareils. 1. Dites-nous ce que vous [&hellip;]","og_url":"https:\/\/theoscarproject.ca\/fr\/comment-ca-fonctionne\/","og_site_name":"The Oscar Project","article_modified_time":"2025-04-15T15:43:00+00:00","og_image":[{"width":722,"height":682,"url":"https:\/\/theoscarproject.ca\/wp-content\/uploads\/2024\/12\/how-it-works-hero-image.jpg","type":"image\/jpeg"}],"twitter_card":"summary_large_image","twitter_misc":{"Est. reading time":"3 minutes"},"schema":{"@context":"https:\/\/schema.org","@graph":[{"@type":"WebPage","@id":"https:\/\/theoscarproject.ca\/fr\/comment-ca-fonctionne\/","url":"https:\/\/theoscarproject.ca\/fr\/comment-ca-fonctionne\/","name":"Comment \u00e7a fonctionne ? - The Oscar Project","isPartOf":{"@id":"https:\/\/theoscarproject.ca\/fr\/#website"},"primaryImageOfPage":{"@id":"https:\/\/theoscarproject.ca\/fr\/comment-ca-fonctionne\/#primaryimage"},"image":{"@id":"https:\/\/theoscarproject.ca\/fr\/comment-ca-fonctionne\/#primaryimage"},"thumbnailUrl":"https:\/\/theoscarproject.ca\/wp-content\/uploads\/2024\/12\/how-it-works-hero-image.jpg","datePublished":"2024-11-11T02:29:55+00:00","dateModified":"2025-04-15T15:43:00+00:00","breadcrumb":{"@id":"https:\/\/theoscarproject.ca\/fr\/comment-ca-fonctionne\/#breadcrumb"},"inLanguage":"fr-FR","potentialAction":[{"@type":"ReadAction","target":["https:\/\/theoscarproject.ca\/fr\/comment-ca-fonctionne\/"]}]},{"@type":"ImageObject","inLanguage":"fr-FR","@id":"https:\/\/theoscarproject.ca\/fr\/comment-ca-fonctionne\/#primaryimage","url":"https:\/\/theoscarproject.ca\/wp-content\/uploads\/2024\/12\/how-it-works-hero-image.jpg","contentUrl":"https:\/\/theoscarproject.ca\/wp-content\/uploads\/2024\/12\/how-it-works-hero-image.jpg"},{"@type":"BreadcrumbList","@id":"https:\/\/theoscarproject.ca\/fr\/comment-ca-fonctionne\/#breadcrumb","itemListElement":[{"@type":"ListItem","position":1,"name":"Page d\u2019accueil","item":"https:\/\/theoscarproject.ca\/fr\/"},{"@type":"ListItem","position":2,"name":"Comment \u00e7a fonctionne ?"}]},{"@type":"WebSite","@id":"https:\/\/theoscarproject.ca\/fr\/#website","url":"https:\/\/theoscarproject.ca\/fr\/","name":"The Oscar Project","description":"","publisher":{"@id":"https:\/\/theoscarproject.ca\/fr\/#organization"},"potentialAction":[{"@type":"SearchAction","target":{"@type":"EntryPoint","urlTemplate":"https:\/\/theoscarproject.ca\/fr\/?s={search_term_string}"},"query-input":{"@type":"PropertyValueSpecification","valueRequired":true,"valueName":"search_term_string"}}],"inLanguage":"fr-FR"},{"@type":"Organization","@id":"https:\/\/theoscarproject.ca\/fr\/#organization","name":"The Oscar Project","url":"https:\/\/theoscarproject.ca\/fr\/","logo":{"@type":"ImageObject","inLanguage":"fr-FR","@id":"https:\/\/theoscarproject.ca\/fr\/#\/schema\/logo\/image\/","url":"https:\/\/theoscarproject.ca\/wp-content\/uploads\/2024\/11\/oscar-logo-black_web.png","contentUrl":"https:\/\/theoscarproject.ca\/wp-content\/uploads\/2024\/11\/oscar-logo-black_web.png","width":978,"height":568,"caption":"The Oscar Project"},"image":{"@id":"https:\/\/theoscarproject.ca\/fr\/#\/schema\/logo\/image\/"}}]}},"_links":{"self":[{"href":"https:\/\/theoscarproject.ca\/fr\/wp-json\/wp\/v2\/pages\/838","targetHints":{"allow":["GET"]}}],"collection":[{"href":"https:\/\/theoscarproject.ca\/fr\/wp-json\/wp\/v2\/pages"}],"about":[{"href":"https:\/\/theoscarproject.ca\/fr\/wp-json\/wp\/v2\/types\/page"}],"author":[{"embeddable":true,"href":"https:\/\/theoscarproject.ca\/fr\/wp-json\/wp\/v2\/users\/1"}],"replies":[{"embeddable":true,"href":"https:\/\/theoscarproject.ca\/fr\/wp-json\/wp\/v2\/comments?post=838"}],"version-history":[{"count":21,"href":"https:\/\/theoscarproject.ca\/fr\/wp-json\/wp\/v2\/pages\/838\/revisions"}],"predecessor-version":[{"id":3570,"href":"https:\/\/theoscarproject.ca\/fr\/wp-json\/wp\/v2\/pages\/838\/revisions\/3570"}],"wp:attachment":[{"href":"https:\/\/theoscarproject.ca\/fr\/wp-json\/wp\/v2\/media?parent=838"}],"curies":[{"name":"wp","href":"https:\/\/api.w.org\/{rel}","templated":true}]}}