
{"id":781,"date":"2024-11-13T00:21:14","date_gmt":"2024-11-13T05:21:14","guid":{"rendered":"https:\/\/theoscarproject.ca\/page-daccueil\/"},"modified":"2025-04-15T10:55:30","modified_gmt":"2025-04-15T15:55:30","slug":"page-daccueil","status":"publish","type":"page","link":"https:\/\/theoscarproject.ca\/fr\/","title":{"rendered":"Page d&#8217;accueil"},"content":{"rendered":"\n<div class=\"wp-block-group alignfull has-base-background-color has-background has-global-padding is-layout-constrained wp-container-core-group-is-layout-447d580e wp-block-group-is-layout-constrained\" style=\"padding-top:var(--wp--preset--spacing--10);padding-right:var(--wp--preset--spacing--20);padding-bottom:var(--wp--preset--spacing--30);padding-left:var(--wp--preset--spacing--20)\">\n<div class=\"wp-block-group alignwide has-global-padding is-layout-constrained wp-container-core-group-is-layout-678cf196 wp-block-group-is-layout-constrained\" style=\"border-radius:16px;padding-top:0;padding-right:0;padding-bottom:0;padding-left:0\">\n<div class=\"wp-block-media-text has-media-on-the-right is-stacked-on-mobile homepage-form\" style=\"margin-top:var(--wp--preset--spacing--10);margin-bottom:var(--wp--preset--spacing--10);grid-template-columns:auto 47%\"><div class=\"wp-block-media-text__content\">\n<div class=\"wp-block-group has-global-padding is-layout-constrained wp-block-group-is-layout-constrained\" style=\"margin-top:var(--wp--preset--spacing--30);margin-bottom:var(--wp--preset--spacing--30)\">\n<h1 class=\"wp-block-heading\" style=\"font-size:clamp(1.743rem, 1.743rem + ((1vw - 0.2rem) * 2.095), 3rem);\">La <mark style=\"background-color:rgba(0, 0, 0, 0)\" class=\"has-inline-color has-contrast-2-color\">solution #1<\/mark> au Canada pour la destruction s\u00e9curis\u00e9e de donn\u00e9es&nbsp;<\/h1>\n\n\n\n<div style=\"height:10px\" aria-hidden=\"true\" class=\"wp-block-spacer\"><\/div>\n\n\n\n<ul style=\"font-size:clamp(0.984rem, 0.984rem + ((1vw - 0.2rem) * 0.86), 1.5rem);\" class=\"wp-block-list\">\n<li>T\u00e9l\u00e9phones, tablettes, ordinateurs portables et disques durs<\/li>\n\n\n\n<li>Donn\u00e9es d\u00e9truites de fa\u00e7on permanente, ici m\u00eame au Canada<\/li>\n\n\n\n<li>Id\u00e9al pour les particuliers et les entreprises &nbsp;<\/li>\n<\/ul>\n\n\n\n<div style=\"height:25px\" aria-hidden=\"true\" class=\"wp-block-spacer\"><\/div>\n\n\n\n<div class=\"wp-block-buttons is-layout-flex wp-block-buttons-is-layout-flex\">\n<div class=\"wp-block-button has-custom-font-size get-started-button\" style=\"font-size:clamp(0.984rem, 0.984rem + ((1vw - 0.2rem) * 0.86), 1.5rem);\"><a class=\"wp-block-button__link wp-element-button\" href=\"https:\/\/theoscarproject.ca\/fr\/commencez-maintenant\/\">Commencer<\/a><\/div>\n<\/div>\n<\/div>\n<\/div><figure class=\"wp-block-media-text__media\"><img loading=\"lazy\" decoding=\"async\" width=\"1024\" height=\"768\" src=\"https:\/\/theoscarproject.ca\/wp-content\/uploads\/2024\/11\/box-of-devices-1024x768.png\" alt=\"\" class=\"wp-image-694 size-full\" srcset=\"https:\/\/theoscarproject.ca\/wp-content\/uploads\/2024\/11\/box-of-devices-1024x768.png 1024w, https:\/\/theoscarproject.ca\/wp-content\/uploads\/2024\/11\/box-of-devices-300x225.png 300w, https:\/\/theoscarproject.ca\/wp-content\/uploads\/2024\/11\/box-of-devices-768x576.png 768w, https:\/\/theoscarproject.ca\/wp-content\/uploads\/2024\/11\/box-of-devices-600x450.png 600w, https:\/\/theoscarproject.ca\/wp-content\/uploads\/2024\/11\/box-of-devices.png 1144w\" sizes=\"auto, (max-width: 1024px) 100vw, 1024px\" \/><\/figure><\/div>\n<\/div>\n<\/div>\n\n\n\n<div class=\"wp-block-group has-gradient-9-gradient-background has-background has-global-padding is-layout-constrained wp-block-group-is-layout-constrained\" style=\"padding-top:0\">\n<div class=\"wp-block-media-text alignwide is-stacked-on-mobile is-vertically-aligned-center oscar-gradient\" style=\"padding-top:var(--wp--preset--spacing--10);padding-bottom:var(--wp--preset--spacing--10);grid-template-columns:46% auto\"><figure class=\"wp-block-media-text__media\"><img loading=\"lazy\" decoding=\"async\" width=\"1024\" height=\"858\" src=\"https:\/\/theoscarproject.ca\/wp-content\/uploads\/2024\/11\/womancutout-2-1-1-1024x858.png\" alt=\"\" class=\"wp-image-1017 size-full\" srcset=\"https:\/\/theoscarproject.ca\/wp-content\/uploads\/2024\/11\/womancutout-2-1-1-1024x858.png 1024w, https:\/\/theoscarproject.ca\/wp-content\/uploads\/2024\/11\/womancutout-2-1-1-300x251.png 300w, https:\/\/theoscarproject.ca\/wp-content\/uploads\/2024\/11\/womancutout-2-1-1-768x643.png 768w, https:\/\/theoscarproject.ca\/wp-content\/uploads\/2024\/11\/womancutout-2-1-1-600x503.png 600w, https:\/\/theoscarproject.ca\/wp-content\/uploads\/2024\/11\/womancutout-2-1-1.png 1084w\" sizes=\"auto, (max-width: 1024px) 100vw, 1024px\" \/><\/figure><div class=\"wp-block-media-text__content\">\n<h2 class=\"wp-block-heading\" style=\"font-size:clamp(1.378rem, 1.378rem + ((1vw - 0.2rem) * 1.453), 2.25rem);\">Pourquoi choisir notre service de destruction de donn\u00e9es et d\u2019appareils \u00e9lectroniques?<\/h2>\n\n\n\n<p class=\"p\" style=\"font-size:clamp(0.984rem, 0.984rem + ((1vw - 0.2rem) * 0.86), 1.5rem);\"><strong><mark style=\"background-color:rgba(0, 0, 0, 0)\" class=\"has-inline-color has-base-2-color\">FACILE<\/mark><\/strong><br>Un formulaire de commande en ligne simple et rapide, avec des options d\u2019exp\u00e9dition pratiques pour la maison ou le bureau.<br><strong><mark style=\"background-color:rgba(0, 0, 0, 0)\" class=\"has-inline-color has-base-2-color\">S\u00c9CURITAIRE<\/mark><\/strong><br>Vos donn\u00e9es personnelles ou professionnelles sont d\u00e9truites de fa\u00e7on permanente au Canada, avant d\u2019entrer dans notre processus de recyclage ou de remise \u00e0 neuf local.<br><strong><mark style=\"background-color:rgba(0, 0, 0, 0)\" class=\"has-inline-color has-base-2-color\">\u00c9COLOGIQUE<\/mark><\/strong><br>Ayez l\u2019esprit tranquille : vos appareils sont recycl\u00e9s de mani\u00e8re responsable ou remis \u00e0 neuf sans compromis sur la s\u00e9curit\u00e9 des donn\u00e9es.<\/p>\n\n\n\n<div style=\"height:14px\" aria-hidden=\"true\" class=\"wp-block-spacer\"><\/div>\n<\/div><\/div>\n<\/div>\n\n\n\n<div class=\"wp-block-group alignfull has-base-2-background-color has-background has-global-padding is-layout-constrained wp-container-core-group-is-layout-63397543 wp-block-group-is-layout-constrained\" style=\"margin-top:0;margin-bottom:0;padding-top:var(--wp--preset--spacing--30);padding-right:var(--wp--preset--spacing--50);padding-bottom:2.8em;padding-left:var(--wp--preset--spacing--50)\">\n<div class=\"wp-block-group is-vertical is-content-justification-center is-layout-flex wp-container-core-group-is-layout-52b864f0 wp-block-group-is-layout-flex\">\n<h2 class=\"wp-block-heading has-text-align-center is-style-default\" style=\"font-size:clamp(1.378rem, 1.378rem + ((1vw - 0.2rem) * 1.453), 2.25rem);\">Fonctionnement de notre service s\u00e9curis\u00e9 de destruction de donn\u00e9es et d\u2019\u00e9lectroniques<\/h2>\n\n\n\n<div style=\"height:0px\" aria-hidden=\"true\" class=\"wp-block-spacer wp-container-content-4f2ccadb\"><\/div>\n\n\n\n<p class=\"has-text-align-center p\" style=\"font-size:clamp(0.984rem, 0.984rem + ((1vw - 0.2rem) * 0.86), 1.5rem);\">De nombreux Canadiens ne savent pas comment se d\u00e9barrasser de leurs appareils<br>\u00e9lectroniques en toute s\u00e9curit\u00e9, sans risquer leurs donn\u00e9es personnelles.<br>The&nbsp;Projet Oscar simplifie cela en trois \u00e9tapes faciles.<\/p>\n<\/div>\n\n\n\n<div style=\"margin-top:0;margin-bottom:0;height:45px\" aria-hidden=\"true\" class=\"wp-block-spacer\"><\/div>\n\n\n\n<div class=\"wp-block-columns alignwide oscar-step-group is-layout-flex wp-container-core-columns-is-layout-d0bbbce0 wp-block-columns-is-layout-flex\">\n<div class=\"wp-block-column oscar-step-card is-layout-flow wp-container-core-column-is-layout-e3d1c41b wp-block-column-is-layout-flow\" style=\"flex-basis:33%\">\n<p class=\"has-text-align-left oscar-step has-medium-font-size\"> 1<\/p>\n\n\n\n<figure class=\"wp-block-image aligncenter size-full is-resized no-rounded\"><img loading=\"lazy\" decoding=\"async\" width=\"148\" height=\"282\" src=\"https:\/\/theoscarproject.ca\/wp-content\/uploads\/2024\/11\/step-1-icon.png\" alt=\"\" class=\"wp-image-320\" style=\"width:auto;height:160px\"\/><\/figure>\n\n\n\n<div class=\"wp-block-group has-global-padding is-layout-constrained wp-block-group-is-layout-constrained\">\n<p class=\"has-text-align-center p\" style=\"font-size:clamp(0.984rem, 0.984rem + ((1vw - 0.2rem) * 0.86), 1.5rem);letter-spacing:-0.02rem\">Indiquez-nous ce que vous envoyez, t\u00e9l\u00e9phones, portables, tablettes ou disques et recevez un code de suivi unique. &nbsp;<\/p>\n<\/div>\n<\/div>\n\n\n\n<div class=\"wp-block-column oscar-step-card is-layout-flow wp-container-core-column-is-layout-e3d1c41b wp-block-column-is-layout-flow\" style=\"flex-basis:33%\">\n<p class=\"has-text-align-left oscar-step has-medium-font-size\"> 2<\/p>\n\n\n\n<figure class=\"wp-block-image aligncenter size-full is-resized no-rounded\"><img loading=\"lazy\" decoding=\"async\" width=\"204\" height=\"282\" src=\"https:\/\/theoscarproject.ca\/wp-content\/uploads\/2024\/11\/step-2-icon.png\" alt=\"\" class=\"wp-image-321\" style=\"width:auto;height:160px\"\/><\/figure>\n\n\n\n<div class=\"wp-block-group has-global-padding is-layout-constrained wp-block-group-is-layout-constrained\">\n<p class=\"has-text-align-center p\" style=\"font-size:clamp(0.984rem, 0.984rem + ((1vw - 0.2rem) * 0.86), 1.5rem);letter-spacing:-0.02rem\">Utilisez votre propre emballage avec une \u00e9tiquette d\u2019exp\u00e9dition fournie. Recevez une alerte d\u00e8s que votre colis arrive \u00e0 notre centre. &nbsp;<\/p>\n<\/div>\n<\/div>\n\n\n\n<div class=\"wp-block-column oscar-step-card is-layout-flow wp-container-core-column-is-layout-e3d1c41b wp-block-column-is-layout-flow\" style=\"flex-basis:33%\">\n<p class=\"has-text-align-left oscar-step has-medium-font-size\"> 3<\/p>\n\n\n\n<figure class=\"wp-block-image aligncenter size-full is-resized no-rounded\"><img loading=\"lazy\" decoding=\"async\" width=\"248\" height=\"318\" src=\"https:\/\/theoscarproject.ca\/wp-content\/uploads\/2024\/11\/step-3-icon.png\" alt=\"\" class=\"wp-image-322\" style=\"width:auto;height:160px\" srcset=\"https:\/\/theoscarproject.ca\/wp-content\/uploads\/2024\/11\/step-3-icon.png 248w, https:\/\/theoscarproject.ca\/wp-content\/uploads\/2024\/11\/step-3-icon-234x300.png 234w\" sizes=\"auto, (max-width: 248px) 100vw, 248px\" \/><\/figure>\n\n\n\n<div class=\"wp-block-group has-global-padding is-layout-constrained wp-block-group-is-layout-constrained\">\n<p class=\"has-text-align-center p\" style=\"font-size:clamp(0.984rem, 0.984rem + ((1vw - 0.2rem) * 0.86), 1.5rem);letter-spacing:-0.02rem\">Recevez une confirmation que toutes les donn\u00e9es ont \u00e9t\u00e9 d\u00e9truites de mani\u00e8re permanente, et que les appareils ont \u00e9t\u00e9 recycl\u00e9s de fa\u00e7on responsable. &nbsp;<\/p>\n<\/div>\n<\/div>\n<\/div>\n<\/div>\n\n\n\n<div class=\"wp-block-group has-global-padding is-layout-constrained wp-container-core-group-is-layout-7db9d80f wp-block-group-is-layout-constrained\" style=\"padding-right:0;padding-left:0\">\n<div class=\"wp-block-group has-base-background-color has-background has-global-padding is-layout-constrained wp-container-core-group-is-layout-bf2bddf6 wp-block-group-is-layout-constrained\" style=\"border-radius:16px;padding-top:2.8em;padding-bottom:3.2em\">\n<h2 class=\"wp-block-heading has-text-align-center is-style-default\" style=\"font-size:clamp(1.378rem, 1.378rem + ((1vw - 0.2rem) * 1.453), 2.25rem);\">Des options abordables pour garantir la<br>destruction s\u00e9curis\u00e9e de vos donn\u00e9es personnelles et professionnelles.<\/h2>\n\n\n\n<div class=\"wp-block-group oscar-cards is-content-justification-space-between is-nowrap is-layout-flex wp-container-core-group-is-layout-5fd2665d wp-block-group-is-layout-flex\" style=\"margin-top:var(--wp--preset--spacing--10);margin-bottom:var(--wp--preset--spacing--10);padding-top:1.2em;padding-right:0;padding-bottom:0;padding-left:0\">\n<div class=\"pricing-card-container\">\n  <div class=\"pricing-card\">\n    <div class=\"devices\">1-4 appareils<\/div>\n    <div class=\"price\">\n      4.99$\n      <span>\/appareil<\/span>\n    <\/div>\n    <footer class=\"pricing-footer\">\n     <em>Taxes applicables et frais de livraison en sus<\/em>\n    <\/footer>\n    <div class=\"description\">\n      Id\u00e9al pour les particuliers ou les travailleurs autonomes.  \n    <\/div>\n  <\/div>\n<\/div>\n\n\n\n<div class=\"pricing-card-container\">\n  <div class=\"badge\">Most Popular<\/div>\n  <div class=\"pricing-card\">\n    <div class=\"devices\">5+ appareils<\/div>\n    <div class=\"price\">\n      3.99$\n      <span>\/appareil<\/span>\n    <\/div>\n<footer class=\"pricing-footer\">\n      <em>Taxes applicables et frais de livraison en sus<\/em>\n    <\/footer>\n    <div class=\"description\">\n      Id\u00e9al pour un usage personnel et pour les petites entreprises.  \n<br>\n    <\/div>\n  <\/div>\n<\/div>\n\n\n\n<a href=\"https:\/\/theoscarproject.ca\/fr\/contactez-nous\/\">\n  <div class=\"pricing-card-container\">\n    <div class=\"pricing-card\">\n      <div class=\"devices\">50+ appareils<\/div>\n      <div class=\"contact\">Contactez<\/div>\n      <div class=\"description\">\n        Id\u00e9al pour les entreprises de taille moyenne \u00e0 grande  \n      <\/div>\n    <\/div>\n  <\/div>\n<\/a>\n<\/div>\n<\/div>\n<\/div>\n\n\n\n<div class=\"wp-block-group alignfull has-base-2-background-color has-background is-layout-flow wp-block-group-is-layout-flow\" style=\"margin-top:0;margin-bottom:0;padding-top:0;padding-right:0;padding-bottom:0;padding-left:0\">\n<div class=\"wp-block-group alignwide cta-block has-contrast-2-background-color has-background has-global-padding is-layout-constrained wp-container-core-group-is-layout-942fe8c5 wp-block-group-is-layout-constrained\" style=\"border-radius:0px;margin-top:var(--wp--preset--spacing--40);padding-top:var(--wp--preset--spacing--40);padding-right:var(--wp--preset--spacing--40);padding-bottom:var(--wp--preset--spacing--40);padding-left:var(--wp--preset--spacing--40)\">\n<div class=\"wp-block-columns is-layout-flex wp-container-core-columns-is-layout-28f84493 wp-block-columns-is-layout-flex\">\n<div class=\"wp-block-column is-vertically-aligned-center cta-section-a is-layout-flow wp-block-column-is-layout-flow\">\n<h3 class=\"wp-block-heading has-base-2-color has-text-color has-link-color wp-elements-6f74297a8add2f374694ba35b5847eef\" style=\"font-size:clamp(1.25rem, 1.25rem + ((1vw - 0.2rem) * 1.25), 2rem);\"><mark style=\"background-color:rgba(0, 0, 0, 0)\" class=\"has-inline-color has-contrast-color\">Des questions ?<\/mark><br>Nous avons des r\u00e9ponses.<\/h3>\n\n\n\n<figure class=\"wp-block-image size-full is-resized green-recycle-icon_cta\"><img loading=\"lazy\" decoding=\"async\" width=\"606\" height=\"584\" src=\"https:\/\/theoscarproject.ca\/wp-content\/uploads\/2024\/11\/green-recycle.png\" alt=\"\" class=\"wp-image-809\" style=\"width:264px\" srcset=\"https:\/\/theoscarproject.ca\/wp-content\/uploads\/2024\/11\/green-recycle.png 606w, https:\/\/theoscarproject.ca\/wp-content\/uploads\/2024\/11\/green-recycle-300x289.png 300w, https:\/\/theoscarproject.ca\/wp-content\/uploads\/2024\/11\/green-recycle-600x578.png 600w\" sizes=\"auto, (max-width: 606px) 100vw, 606px\" \/><\/figure>\n<\/div>\n\n\n\n<div class=\"wp-block-column is-vertically-aligned-center cta-section-b is-layout-flow wp-block-column-is-layout-flow\">\n<p class=\"p has-contrast-color has-text-color has-link-color wp-elements-936db3111c94ab1c03cb8b59abed978b\" style=\"font-size:clamp(0.984rem, 0.984rem + ((1vw - 0.2rem) * 0.86), 1.5rem);font-style:normal;font-weight:600\">D\u00e9couvrez The Oscar Project et comment nous assurons la s\u00e9curit\u00e9 de vos donn\u00e9es \u00e0 chaque \u00e9tape. &nbsp;<\/p>\n<\/div>\n\n\n\n<div class=\"wp-block-column cta-section-c is-layout-flow wp-block-column-is-layout-flow\">\n<div class=\"wp-block-buttons relative-z-3 is-vertical is-content-justification-right is-nowrap is-layout-flex wp-container-core-buttons-is-layout-56116baa wp-block-buttons-is-layout-flex\">\n<div class=\"wp-block-button has-custom-width wp-block-button__width-50 has-custom-font-size get-started-button\" style=\"font-size:clamp(0.984rem, 0.984rem + ((1vw - 0.2rem) * 0.86), 1.5rem);\"><a class=\"wp-block-button__link has-contrast-color has-base-2-background-color has-text-color has-background has-link-color wp-element-button\" href=\"https:\/\/theoscarproject.ca\/fr\/commencez-maintenant\/\">Commencer<\/a><\/div>\n\n\n\n<div class=\"wp-block-button has-custom-width wp-block-button__width-50 has-custom-font-size\" style=\"font-size:clamp(0.984rem, 0.984rem + ((1vw - 0.2rem) * 0.86), 1.5rem);\"><a class=\"wp-block-button__link has-contrast-color has-base-2-background-color has-text-color has-background has-link-color wp-element-button\" href=\"https:\/\/theoscarproject.ca\/fr\/comment-ca-fonctionne\/\">En savoir plus<\/a><\/div>\n<\/div>\n<\/div>\n<\/div>\n<\/div>\n<\/div>\n\n\n\n<p><\/p>\n","protected":false},"excerpt":{"rendered":"<p>La solution #1 au Canada pour la destruction s\u00e9curis\u00e9e de donn\u00e9es&nbsp; Pourquoi choisir notre service de destruction de donn\u00e9es et d\u2019appareils \u00e9lectroniques? FACILEUn formulaire de commande en ligne simple et rapide, avec des options d\u2019exp\u00e9dition pratiques pour la maison ou le bureau.S\u00c9CURITAIREVos donn\u00e9es personnelles ou professionnelles sont d\u00e9truites de fa\u00e7on permanente au Canada, avant d\u2019entrer [&hellip;]<\/p>\n","protected":false},"author":1,"featured_media":0,"parent":0,"menu_order":0,"comment_status":"closed","ping_status":"closed","template":"","meta":{"_acf_changed":false,"footnotes":""},"class_list":["post-781","page","type-page","status-publish","hentry"],"acf":[],"yoast_head":"<!-- This site is optimized with the Yoast SEO plugin v26.9 - https:\/\/yoast.com\/product\/yoast-seo-wordpress\/ -->\n<title>Recycle Your Old Cell Phones &amp; Electronics in Canada | Eco-Friendly Disposal<\/title>\n<meta name=\"description\" content=\"Dispose of old cell phones, tablets and laptops with our Canada-wide recycling service. We ensure complete data destruction for safe, eco-friendly disposal near you.\" \/>\n<meta name=\"robots\" content=\"index, follow, max-snippet:-1, max-image-preview:large, max-video-preview:-1\" \/>\n<link rel=\"canonical\" href=\"https:\/\/theoscarproject.ca\/fr\/\" \/>\n<meta property=\"og:locale\" content=\"fr_FR\" \/>\n<meta property=\"og:type\" content=\"article\" \/>\n<meta property=\"og:title\" content=\"Recycle Your Old Cell Phones &amp; Electronics in Canada | Eco-Friendly Disposal\" \/>\n<meta property=\"og:description\" content=\"Dispose of old cell phones, tablets and laptops with our Canada-wide recycling service. We ensure complete data destruction for safe, eco-friendly disposal near you.\" \/>\n<meta property=\"og:url\" content=\"https:\/\/theoscarproject.ca\/fr\/\" \/>\n<meta property=\"og:site_name\" content=\"The Oscar Project\" \/>\n<meta property=\"article:modified_time\" content=\"2025-04-15T15:55:30+00:00\" \/>\n<meta property=\"og:image\" content=\"https:\/\/theoscarproject.ca\/wp-content\/uploads\/2024\/11\/box-of-devices.png\" \/>\n\t<meta property=\"og:image:width\" content=\"1144\" \/>\n\t<meta property=\"og:image:height\" content=\"858\" \/>\n\t<meta property=\"og:image:type\" content=\"image\/png\" \/>\n<meta name=\"twitter:card\" content=\"summary_large_image\" \/>\n<meta name=\"twitter:label1\" content=\"Est. reading time\" \/>\n\t<meta name=\"twitter:data1\" content=\"3 minutes\" \/>\n<script type=\"application\/ld+json\" class=\"yoast-schema-graph\">{\"@context\":\"https:\/\/schema.org\",\"@graph\":[{\"@type\":\"WebPage\",\"@id\":\"https:\/\/theoscarproject.ca\/fr\/\",\"url\":\"https:\/\/theoscarproject.ca\/fr\/\",\"name\":\"Recycle Your Old Cell Phones & Electronics in Canada | Eco-Friendly Disposal\",\"isPartOf\":{\"@id\":\"https:\/\/theoscarproject.ca\/fr\/#website\"},\"primaryImageOfPage\":{\"@id\":\"https:\/\/theoscarproject.ca\/fr\/#primaryimage\"},\"image\":{\"@id\":\"https:\/\/theoscarproject.ca\/fr\/#primaryimage\"},\"thumbnailUrl\":\"https:\/\/theoscarproject.ca\/wp-content\/uploads\/2024\/11\/box-of-devices-1024x768.png\",\"datePublished\":\"2024-11-13T05:21:14+00:00\",\"dateModified\":\"2025-04-15T15:55:30+00:00\",\"description\":\"Dispose of old cell phones, tablets and laptops with our Canada-wide recycling service. We ensure complete data destruction for safe, eco-friendly disposal near you.\",\"breadcrumb\":{\"@id\":\"https:\/\/theoscarproject.ca\/fr\/#breadcrumb\"},\"inLanguage\":\"fr-FR\",\"potentialAction\":[{\"@type\":\"ReadAction\",\"target\":[\"https:\/\/theoscarproject.ca\/fr\/\"]}]},{\"@type\":\"ImageObject\",\"inLanguage\":\"fr-FR\",\"@id\":\"https:\/\/theoscarproject.ca\/fr\/#primaryimage\",\"url\":\"https:\/\/theoscarproject.ca\/wp-content\/uploads\/2024\/11\/box-of-devices-1024x768.png\",\"contentUrl\":\"https:\/\/theoscarproject.ca\/wp-content\/uploads\/2024\/11\/box-of-devices-1024x768.png\"},{\"@type\":\"BreadcrumbList\",\"@id\":\"https:\/\/theoscarproject.ca\/fr\/#breadcrumb\",\"itemListElement\":[{\"@type\":\"ListItem\",\"position\":1,\"name\":\"Page d\u2019accueil\",\"item\":\"https:\/\/theoscarproject.ca\/fr\/\"},{\"@type\":\"ListItem\",\"position\":2,\"name\":\"Page d&#8217;accueil\"}]},{\"@type\":\"WebSite\",\"@id\":\"https:\/\/theoscarproject.ca\/fr\/#website\",\"url\":\"https:\/\/theoscarproject.ca\/fr\/\",\"name\":\"The Oscar Project\",\"description\":\"\",\"publisher\":{\"@id\":\"https:\/\/theoscarproject.ca\/fr\/#organization\"},\"potentialAction\":[{\"@type\":\"SearchAction\",\"target\":{\"@type\":\"EntryPoint\",\"urlTemplate\":\"https:\/\/theoscarproject.ca\/fr\/?s={search_term_string}\"},\"query-input\":{\"@type\":\"PropertyValueSpecification\",\"valueRequired\":true,\"valueName\":\"search_term_string\"}}],\"inLanguage\":\"fr-FR\"},{\"@type\":\"Organization\",\"@id\":\"https:\/\/theoscarproject.ca\/fr\/#organization\",\"name\":\"The Oscar Project\",\"url\":\"https:\/\/theoscarproject.ca\/fr\/\",\"logo\":{\"@type\":\"ImageObject\",\"inLanguage\":\"fr-FR\",\"@id\":\"https:\/\/theoscarproject.ca\/fr\/#\/schema\/logo\/image\/\",\"url\":\"https:\/\/theoscarproject.ca\/wp-content\/uploads\/2024\/11\/oscar-logo-black_web.png\",\"contentUrl\":\"https:\/\/theoscarproject.ca\/wp-content\/uploads\/2024\/11\/oscar-logo-black_web.png\",\"width\":978,\"height\":568,\"caption\":\"The Oscar Project\"},\"image\":{\"@id\":\"https:\/\/theoscarproject.ca\/fr\/#\/schema\/logo\/image\/\"}}]}<\/script>\n<!-- \/ Yoast SEO plugin. -->","yoast_head_json":{"title":"Recycle Your Old Cell Phones & Electronics in Canada | Eco-Friendly Disposal","description":"Dispose of old cell phones, tablets and laptops with our Canada-wide recycling service. We ensure complete data destruction for safe, eco-friendly disposal near you.","robots":{"index":"index","follow":"follow","max-snippet":"max-snippet:-1","max-image-preview":"max-image-preview:large","max-video-preview":"max-video-preview:-1"},"canonical":"https:\/\/theoscarproject.ca\/fr\/","og_locale":"fr_FR","og_type":"article","og_title":"Recycle Your Old Cell Phones & Electronics in Canada | Eco-Friendly Disposal","og_description":"Dispose of old cell phones, tablets and laptops with our Canada-wide recycling service. We ensure complete data destruction for safe, eco-friendly disposal near you.","og_url":"https:\/\/theoscarproject.ca\/fr\/","og_site_name":"The Oscar Project","article_modified_time":"2025-04-15T15:55:30+00:00","og_image":[{"width":1144,"height":858,"url":"https:\/\/theoscarproject.ca\/wp-content\/uploads\/2024\/11\/box-of-devices.png","type":"image\/png"}],"twitter_card":"summary_large_image","twitter_misc":{"Est. reading time":"3 minutes"},"schema":{"@context":"https:\/\/schema.org","@graph":[{"@type":"WebPage","@id":"https:\/\/theoscarproject.ca\/fr\/","url":"https:\/\/theoscarproject.ca\/fr\/","name":"Recycle Your Old Cell Phones & Electronics in Canada | Eco-Friendly Disposal","isPartOf":{"@id":"https:\/\/theoscarproject.ca\/fr\/#website"},"primaryImageOfPage":{"@id":"https:\/\/theoscarproject.ca\/fr\/#primaryimage"},"image":{"@id":"https:\/\/theoscarproject.ca\/fr\/#primaryimage"},"thumbnailUrl":"https:\/\/theoscarproject.ca\/wp-content\/uploads\/2024\/11\/box-of-devices-1024x768.png","datePublished":"2024-11-13T05:21:14+00:00","dateModified":"2025-04-15T15:55:30+00:00","description":"Dispose of old cell phones, tablets and laptops with our Canada-wide recycling service. We ensure complete data destruction for safe, eco-friendly disposal near you.","breadcrumb":{"@id":"https:\/\/theoscarproject.ca\/fr\/#breadcrumb"},"inLanguage":"fr-FR","potentialAction":[{"@type":"ReadAction","target":["https:\/\/theoscarproject.ca\/fr\/"]}]},{"@type":"ImageObject","inLanguage":"fr-FR","@id":"https:\/\/theoscarproject.ca\/fr\/#primaryimage","url":"https:\/\/theoscarproject.ca\/wp-content\/uploads\/2024\/11\/box-of-devices-1024x768.png","contentUrl":"https:\/\/theoscarproject.ca\/wp-content\/uploads\/2024\/11\/box-of-devices-1024x768.png"},{"@type":"BreadcrumbList","@id":"https:\/\/theoscarproject.ca\/fr\/#breadcrumb","itemListElement":[{"@type":"ListItem","position":1,"name":"Page d\u2019accueil","item":"https:\/\/theoscarproject.ca\/fr\/"},{"@type":"ListItem","position":2,"name":"Page d&#8217;accueil"}]},{"@type":"WebSite","@id":"https:\/\/theoscarproject.ca\/fr\/#website","url":"https:\/\/theoscarproject.ca\/fr\/","name":"The Oscar Project","description":"","publisher":{"@id":"https:\/\/theoscarproject.ca\/fr\/#organization"},"potentialAction":[{"@type":"SearchAction","target":{"@type":"EntryPoint","urlTemplate":"https:\/\/theoscarproject.ca\/fr\/?s={search_term_string}"},"query-input":{"@type":"PropertyValueSpecification","valueRequired":true,"valueName":"search_term_string"}}],"inLanguage":"fr-FR"},{"@type":"Organization","@id":"https:\/\/theoscarproject.ca\/fr\/#organization","name":"The Oscar Project","url":"https:\/\/theoscarproject.ca\/fr\/","logo":{"@type":"ImageObject","inLanguage":"fr-FR","@id":"https:\/\/theoscarproject.ca\/fr\/#\/schema\/logo\/image\/","url":"https:\/\/theoscarproject.ca\/wp-content\/uploads\/2024\/11\/oscar-logo-black_web.png","contentUrl":"https:\/\/theoscarproject.ca\/wp-content\/uploads\/2024\/11\/oscar-logo-black_web.png","width":978,"height":568,"caption":"The Oscar Project"},"image":{"@id":"https:\/\/theoscarproject.ca\/fr\/#\/schema\/logo\/image\/"}}]}},"_links":{"self":[{"href":"https:\/\/theoscarproject.ca\/fr\/wp-json\/wp\/v2\/pages\/781","targetHints":{"allow":["GET"]}}],"collection":[{"href":"https:\/\/theoscarproject.ca\/fr\/wp-json\/wp\/v2\/pages"}],"about":[{"href":"https:\/\/theoscarproject.ca\/fr\/wp-json\/wp\/v2\/types\/page"}],"author":[{"embeddable":true,"href":"https:\/\/theoscarproject.ca\/fr\/wp-json\/wp\/v2\/users\/1"}],"replies":[{"embeddable":true,"href":"https:\/\/theoscarproject.ca\/fr\/wp-json\/wp\/v2\/comments?post=781"}],"version-history":[{"count":65,"href":"https:\/\/theoscarproject.ca\/fr\/wp-json\/wp\/v2\/pages\/781\/revisions"}],"predecessor-version":[{"id":3576,"href":"https:\/\/theoscarproject.ca\/fr\/wp-json\/wp\/v2\/pages\/781\/revisions\/3576"}],"wp:attachment":[{"href":"https:\/\/theoscarproject.ca\/fr\/wp-json\/wp\/v2\/media?parent=781"}],"curies":[{"name":"wp","href":"https:\/\/api.w.org\/{rel}","templated":true}]}}